{"id":4059,"date":"2022-11-29T15:50:39","date_gmt":"2022-11-29T21:50:39","guid":{"rendered":"http:\/\/fondoguadalupemusalem.org\/?post_type=product&#038;p=4059"},"modified":"2022-11-29T15:53:45","modified_gmt":"2022-11-29T21:53:45","slug":"marcela-taboada","status":"publish","type":"product","link":"https:\/\/fondoguadalupemusalem.org\/index.php\/producto\/marcela-taboada\/","title":{"rendered":"Marcela Taboada"},"content":{"rendered":"<p>El Velo<br \/>\nT\u00e9cnica: Fotograf\u00eda<br \/>\nImpresi\u00f3n digital sobre papel de algod\u00f3n<br \/>\nSerie Mujeres de Arcilla<br \/>\nT.P. 48&#215;33 cm.<br \/>\nA\u00f1o: 2001 <\/p>\n","protected":false},"excerpt":{"rendered":"<p>El Velo, Fotograf\u00eda, Impresi\u00f3n digital sobre papel de algod\u00f3n<\/p>\n","protected":false},"featured_media":4060,"comment_status":"open","ping_status":"closed","template":"","meta":{"give_campaign_id":0},"product_brand":[],"product_cat":[40],"product_tag":[48,47,49],"class_list":{"0":"post-4059","1":"product","2":"type-product","3":"status-publish","4":"has-post-thumbnail","6":"product_cat-pinturas","7":"product_tag-fotografia","8":"product_tag-marcela-taboada","9":"product_tag-pintura","11":"first","12":"instock","13":"taxable","14":"shipping-taxable","15":"purchasable","16":"product-type-simple"},"_links":{"self":[{"href":"https:\/\/fondoguadalupemusalem.org\/index.php\/wp-json\/wp\/v2\/product\/4059","targetHints":{"allow":["GET"]}}],"collection":[{"href":"https:\/\/fondoguadalupemusalem.org\/index.php\/wp-json\/wp\/v2\/product"}],"about":[{"href":"https:\/\/fondoguadalupemusalem.org\/index.php\/wp-json\/wp\/v2\/types\/product"}],"replies":[{"embeddable":true,"href":"https:\/\/fondoguadalupemusalem.org\/index.php\/wp-json\/wp\/v2\/comments?post=4059"}],"version-history":[{"count":1,"href":"https:\/\/fondoguadalupemusalem.org\/index.php\/wp-json\/wp\/v2\/product\/4059\/revisions"}],"predecessor-version":[{"id":4061,"href":"https:\/\/fondoguadalupemusalem.org\/index.php\/wp-json\/wp\/v2\/product\/4059\/revisions\/4061"}],"wp:featuredmedia":[{"embeddable":true,"href":"https:\/\/fondoguadalupemusalem.org\/index.php\/wp-json\/wp\/v2\/media\/4060"}],"wp:attachment":[{"href":"https:\/\/fondoguadalupemusalem.org\/index.php\/wp-json\/wp\/v2\/media?parent=4059"}],"wp:term":[{"taxonomy":"product_brand","embeddable":true,"href":"https:\/\/fondoguadalupemusalem.org\/index.php\/wp-json\/wp\/v2\/product_brand?post=4059"},{"taxonomy":"product_cat","embeddable":true,"href":"https:\/\/fondoguadalupemusalem.org\/index.php\/wp-json\/wp\/v2\/product_cat?post=4059"},{"taxonomy":"product_tag","embeddable":true,"href":"https:\/\/fondoguadalupemusalem.org\/index.php\/wp-json\/wp\/v2\/product_tag?post=4059"}],"curies":[{"name":"wp","href":"https:\/\/api.w.org\/{rel}","templated":true}]}}