{"id":5144,"date":"2023-03-28T17:36:35","date_gmt":"2023-03-28T23:36:35","guid":{"rendered":"https:\/\/fondoguadalupemusalem.org\/?page_id=5144"},"modified":"2026-04-02T12:57:54","modified_gmt":"2026-04-02T18:57:54","slug":"convocatoria-de-becas-2026","status":"publish","type":"page","link":"https:\/\/fondoguadalupemusalem.org\/index.php\/convocatoria-de-becas-2026\/","title":{"rendered":"Convocatoria de  Becas 2026"},"content":{"rendered":"<h2><span style=\"color: #333333;\"><strong>Fondo Guadalupe Musalem A.C., emite Convocatoria de becas 2026 para estudios de bachillerato a mujeres j\u00f3venes de las ocho regiones.<\/strong><\/span><\/h2>\n<p><img fetchpriority=\"high\" decoding=\"async\" class=\"alignnone wp-image-6006 size-full\" src=\"http:\/\/fondoguadalupemusalem.org\/wp-content\/uploads\/2026\/03\/web.jpg\" alt=\"\" width=\"1218\" height=\"806\" srcset=\"https:\/\/fondoguadalupemusalem.org\/wp-content\/uploads\/2026\/03\/web.jpg 1218w, https:\/\/fondoguadalupemusalem.org\/wp-content\/uploads\/2026\/03\/web-300x199.jpg 300w, https:\/\/fondoguadalupemusalem.org\/wp-content\/uploads\/2026\/03\/web-1024x678.jpg 1024w, https:\/\/fondoguadalupemusalem.org\/wp-content\/uploads\/2026\/03\/web-768x508.jpg 768w, https:\/\/fondoguadalupemusalem.org\/wp-content\/uploads\/2026\/03\/web-600x397.jpg 600w\" sizes=\"(max-width: 1218px) 100vw, 1218px\" \/><\/p>\n<ul>\n<li>\n<h3><span style=\"color: #800080;\"><strong>Se seleccionar\u00e1n a 5 j\u00f3venes oaxaque\u00f1as para ser parte del programa multidisciplinario de becas del Fondo Guadalupe Musalem.<\/strong><\/span><\/h3>\n<\/li>\n<\/ul>\n<p data-start=\"152\" data-end=\"376\">El <strong data-start=\"155\" data-end=\"182\">Fondo Guadalupe Musalem<\/strong> abre su convocatoria de becas para que <strong data-start=\"222\" data-end=\"311\">mujeres j\u00f3venes de comunidades ind\u00edgenas, rurales y del pueblo afromexicano de Oaxaca<\/strong> puedan continuar sus estudios de <strong data-start=\"345\" data-end=\"373\">educaci\u00f3n media superior<\/strong>.<\/p>\n<p data-start=\"378\" data-end=\"674\">\ud83d\udcc5 <strong data-start=\"381\" data-end=\"406\">Periodo de solicitud:<\/strong> del <strong>1 de abril al 24 de mayo 2026<\/strong><br data-start=\"448\" data-end=\"451\" \/>\ud83d\udce9 <strong data-start=\"454\" data-end=\"479\">Env\u00edo de solicitudes:<\/strong> \u00fanicamente por <strong data-start=\"495\" data-end=\"517\">correo electr\u00f3nico<\/strong>, siguiendo las indicaciones del <strong data-start=\"550\" data-end=\"583\">formato de solicitud y manual<\/strong> disponibles en esta p\u00e1gina.<br data-start=\"611\" data-end=\"614\" \/>\ud83d\udce2 <strong data-start=\"617\" data-end=\"647\">Publicaci\u00f3n de resultados: 22 de junio de 2026<\/strong><\/p>\n<h3 data-start=\"676\" data-end=\"706\"><strong data-start=\"680\" data-end=\"704\">\u00bfQu\u00e9 ofrece la beca?<\/strong><\/h3>\n<p data-start=\"707\" data-end=\"1138\">Las j\u00f3venes seleccionadas recibir\u00e1n:<br data-start=\"743\" data-end=\"746\" \/>\u2705 <strong data-start=\"748\" data-end=\"790\">Beca econ\u00f3mica de $2,000 MXN mensuales<\/strong> durante el ciclo escolar <strong data-start=\"816\" data-end=\"829\">2026-2027<\/strong>.<br data-start=\"830\" data-end=\"833\" \/>\u2705 <strong data-start=\"835\" data-end=\"873\">Fortalecimiento multidisciplinario<\/strong> en temas como <strong data-start=\"888\" data-end=\"960\">salud emocional, derechos humanos, feminismos y asesor\u00edas acad\u00e9micas<\/strong>.<br data-start=\"961\" data-end=\"964\" \/>\u2705 <strong data-start=\"966\" data-end=\"998\">Acompa\u00f1amiento de una tutora<\/strong> durante su formaci\u00f3n.<br data-start=\"1020\" data-end=\"1023\" \/>\u2705 Oportunidad de postularse a la <strong data-start=\"1056\" data-end=\"1106\">beca universitaria del Fondo Guadalupe Musalem<\/strong> al finalizar el bachillerato.<\/p>\n<h3 data-start=\"1140\" data-end=\"1177\"><strong data-start=\"1144\" data-end=\"1175\">\u00bfQui\u00e9nes pueden postularse?<\/strong><\/h3>\n<p data-start=\"1178\" data-end=\"1373\">\ud83d\udccc <strong data-start=\"1181\" data-end=\"1211\">Mujeres menores de 20 a\u00f1os<\/strong> con un promedio general de <strong data-start=\"1239\" data-end=\"1260\">9.0 en secundaria<\/strong>.<br data-start=\"1261\" data-end=\"1264\" \/>\ud83d\udccc Que est\u00e9n por iniciar su <strong data-start=\"1292\" data-end=\"1327\">primer semestre de bachillerato<\/strong> en su comunidad o en una poblaci\u00f3n cercana.<\/p>\n<h4 data-start=\"1375\" data-end=\"1490\">\u00a1Si cumples con los requisitos, postula y forma parte de esta oportunidad para seguir construyendo tu futuro!\u00a0<\/h4>\n<h1 style=\"text-align: center;\"><span style=\"color: #800080;\"><strong>\u00a1S\u00ed a la educaci\u00f3n de las mujeres!<\/strong><\/span><\/h1>\n<h3><strong>Si deseas participar sigue los siguientes pasos:<\/strong><\/h3>\n<ol>\n<li><a href=\"http:\/\/fondoguadalupemusalem.org\/wp-content\/uploads\/2026\/03\/Convocatoria-2026.pdf\">Descarga Convocatoria 2026<\/a><\/li>\n<li><a href=\"http:\/\/fondoguadalupemusalem.org\/wp-content\/uploads\/2026\/03\/Formato-de-solicitud-de-beca-FGM2026.pdf\">Descarga de Solicitud de beca 2026<\/a><\/li>\n<li><a href=\"http:\/\/fondoguadalupemusalem.org\/wp-content\/uploads\/2026\/03\/Manual-de-Solicitud-de-Beca-FGM-2026.pdf\">Descarga de Manual de Solicitud de Beca 2026<\/a><\/li>\n<\/ol>\n<p>Una vez que tengas tu formato de solicitud requisitada, env\u00eda a <a href=\"mailto:convocatoriaanual@fondoguadalupemusalem.org\">convocatoriaanual@fondoguadalupemusalem.org<\/a><\/p>\n<p><strong>Si tienes dudas escribe a:<\/strong> <a href=\"mailto:convocatoriaanual@fondoguadalupemusalem.org\">convocatoriaanual@fondoguadalupemusalem.org<\/a><\/p>\n<p>Llama a los tel\u00e9fonos de oficinas <strong>951 514 6927<\/strong>\u00a0 o <strong>celular 9512260391<\/strong>, en un horario de 10:00 am a 5:00 pm.<\/p>\n<p>Escribe a nuestras redes sociales:<\/p>\n<p><strong>Facebook:<\/strong> Fondo Guadalupe Musalem, <strong>X:<\/strong> FondoGpeMusalem, <strong>Instagram:<\/strong> fondoguadalupemusalem.org<\/p>\n<h2><span style=\"color: #800080;\"><strong>\u00a1Mucho \u00e9xito!<\/strong><\/span><\/h2>\n\n\n<p><\/p>\n","protected":false},"excerpt":{"rendered":"<p>Fondo Guadalupe Musalem A.C., emite Convocatoria de becas 2026 para estudios de bachillerato a mujeres j\u00f3venes de las ocho regiones. Se seleccionar\u00e1n a 5 j\u00f3venes oaxaque\u00f1as para ser parte del programa multidisciplinario de becas del Fondo Guadalupe Musalem. El Fondo Guadalupe Musalem abre su convocatoria de becas para que mujeres j\u00f3venes de comunidades ind\u00edgenas, rurales [&hellip;]<\/p>\n","protected":false},"author":1,"featured_media":0,"parent":0,"menu_order":0,"comment_status":"closed","ping_status":"closed","template":"elementor_header_footer","meta":{"give_campaign_id":0,"footnotes":""},"class_list":["post-5144","page","type-page","status-publish","hentry"],"campaignId":"","_links":{"self":[{"href":"https:\/\/fondoguadalupemusalem.org\/index.php\/wp-json\/wp\/v2\/pages\/5144","targetHints":{"allow":["GET"]}}],"collection":[{"href":"https:\/\/fondoguadalupemusalem.org\/index.php\/wp-json\/wp\/v2\/pages"}],"about":[{"href":"https:\/\/fondoguadalupemusalem.org\/index.php\/wp-json\/wp\/v2\/types\/page"}],"author":[{"embeddable":true,"href":"https:\/\/fondoguadalupemusalem.org\/index.php\/wp-json\/wp\/v2\/users\/1"}],"replies":[{"embeddable":true,"href":"https:\/\/fondoguadalupemusalem.org\/index.php\/wp-json\/wp\/v2\/comments?post=5144"}],"version-history":[{"count":99,"href":"https:\/\/fondoguadalupemusalem.org\/index.php\/wp-json\/wp\/v2\/pages\/5144\/revisions"}],"predecessor-version":[{"id":6017,"href":"https:\/\/fondoguadalupemusalem.org\/index.php\/wp-json\/wp\/v2\/pages\/5144\/revisions\/6017"}],"wp:attachment":[{"href":"https:\/\/fondoguadalupemusalem.org\/index.php\/wp-json\/wp\/v2\/media?parent=5144"}],"curies":[{"name":"wp","href":"https:\/\/api.w.org\/{rel}","templated":true}]}}