{"id":3981,"date":"2022-11-25T09:46:11","date_gmt":"2022-11-25T15:46:11","guid":{"rendered":"http:\/\/fondoguadalupemusalem.org\/?page_id=3981"},"modified":"2025-01-21T09:30:59","modified_gmt":"2025-01-21T15:30:59","slug":"lila-downs","status":"publish","type":"page","link":"https:\/\/fondoguadalupemusalem.org\/index.php\/lila-downs\/","title":{"rendered":"Lila Downs"},"content":{"rendered":"\t\t<div data-elementor-type=\"wp-post\" data-elementor-id=\"3981\" class=\"elementor elementor-3981\" data-elementor-post-type=\"page\">\n\t\t\t\t\t\t<section class=\"elementor-section elementor-top-section elementor-element elementor-element-af9f7c7 elementor-section-content-middle elementor-section-boxed elementor-section-height-default elementor-section-height-default\" data-id=\"af9f7c7\" data-element_type=\"section\" data-e-type=\"section\">\n\t\t\t\t\t\t<div class=\"elementor-container elementor-column-gap-no\">\n\t\t\t\t\t<div class=\"elementor-column elementor-col-50 elementor-top-column elementor-element elementor-element-828de51\" data-id=\"828de51\" data-element_type=\"column\" data-e-type=\"column\">\n\t\t\t<div class=\"elementor-widget-wrap elementor-element-populated\">\n\t\t\t\t\t\t<div class=\"elementor-element elementor-element-c23a28f elementor-widget elementor-widget-image\" data-id=\"c23a28f\" data-element_type=\"widget\" data-e-type=\"widget\" data-widget_type=\"image.default\">\n\t\t\t\t<div class=\"elementor-widget-container\">\n\t\t\t\t\t\t\t\t\t\t\t\t\t\t\t<img fetchpriority=\"high\" decoding=\"async\" width=\"2560\" height=\"1439\" src=\"https:\/\/fondoguadalupemusalem.org\/wp-content\/uploads\/2024\/01\/IMG_2004-scaled.jpg\" class=\"attachment-full size-full wp-image-5650\" alt=\"\" srcset=\"https:\/\/fondoguadalupemusalem.org\/wp-content\/uploads\/2024\/01\/IMG_2004-scaled.jpg 2560w, https:\/\/fondoguadalupemusalem.org\/wp-content\/uploads\/2024\/01\/IMG_2004-300x169.jpg 300w, https:\/\/fondoguadalupemusalem.org\/wp-content\/uploads\/2024\/01\/IMG_2004-1024x576.jpg 1024w, https:\/\/fondoguadalupemusalem.org\/wp-content\/uploads\/2024\/01\/IMG_2004-768x432.jpg 768w, https:\/\/fondoguadalupemusalem.org\/wp-content\/uploads\/2024\/01\/IMG_2004-1536x864.jpg 1536w, https:\/\/fondoguadalupemusalem.org\/wp-content\/uploads\/2024\/01\/IMG_2004-2048x1151.jpg 2048w, https:\/\/fondoguadalupemusalem.org\/wp-content\/uploads\/2024\/01\/IMG_2004-600x337.jpg 600w\" sizes=\"(max-width: 2560px) 100vw, 2560px\" \/>\t\t\t\t\t\t\t\t\t\t\t\t\t\t\t<\/div>\n\t\t\t\t<\/div>\n\t\t\t\t\t<\/div>\n\t\t<\/div>\n\t\t\t\t<div class=\"elementor-column elementor-col-50 elementor-top-column elementor-element elementor-element-156a259\" data-id=\"156a259\" data-element_type=\"column\" data-e-type=\"column\">\n\t\t\t<div class=\"elementor-widget-wrap elementor-element-populated\">\n\t\t\t\t\t\t<div class=\"elementor-element elementor-element-ec7ee0d elementor-widget elementor-widget-ova_heading\" data-id=\"ec7ee0d\" data-element_type=\"widget\" data-e-type=\"widget\" data-widget_type=\"ova_heading.default\">\n\t\t\t\t<div class=\"elementor-widget-container\">\n\t\t\t\t\t\t\t<div class=\"ova-heading version_1\">\n\t\t\t\t\t\t\t\t\t\t<h3 class=\"heading-title second_font\">Lila Downs<\/h3>\n\t\t\t\t\t\t\t\t<\/div>\n\t\t\t\t\t\t<\/div>\n\t\t\t\t<\/div>\n\t\t\t\t<div class=\"elementor-element elementor-element-6272381 elementor-widget elementor-widget-text-editor\" data-id=\"6272381\" data-element_type=\"widget\" data-e-type=\"widget\" data-widget_type=\"text-editor.default\">\n\t\t\t\t<div class=\"elementor-widget-container\">\n\t\t\t\t\t\t\t\t\t<p>Lila Downs, naci\u00f3 en la Heroica Ciudad de Tlaxiaco, Oaxaca. Desde hace m\u00e1s de veinte a\u00f1os,\u00a0 apoya la educaci\u00f3n de las j\u00f3venes becarias del Fondo Guadalupe Musalem.<\/p><p>Cada a\u00f1o se suma con entusiasmo convocando a la campa\u00f1a\u00a0 de procuraci\u00f3n de fondos \u201cTu donativo cambia su vida\u201d, que da la oportunidad a j\u00f3venes provenientes de comunidades ind\u00edgenas, rurales y afromexicanas del estado de Oaxaca,\u00a0 para que realicen sus estudios.<\/p><p>&#8220;Estas becas son las salvaguardas de j\u00f3venes\u00a0 que no podr\u00edan seguir estudiando sin ellas, el Fondo Guadalupe Musalem es un proyecto que s\u00ed ha funcionado&#8221;.<\/p>\t\t\t\t\t\t\t\t<\/div>\n\t\t\t\t<\/div>\n\t\t\t\t\t<\/div>\n\t\t<\/div>\n\t\t\t\t\t<\/div>\n\t\t<\/section>\n\t\t\t\t<section class=\"elementor-section elementor-top-section elementor-element elementor-element-7b262d1 elementor-section-boxed elementor-section-height-default elementor-section-height-default\" data-id=\"7b262d1\" data-element_type=\"section\" data-e-type=\"section\" data-settings=\"{&quot;background_background&quot;:&quot;classic&quot;}\">\n\t\t\t\t\t\t<div class=\"elementor-container elementor-column-gap-no\">\n\t\t\t\t\t<div class=\"elementor-column elementor-col-100 elementor-top-column elementor-element elementor-element-f78aec0\" data-id=\"f78aec0\" data-element_type=\"column\" data-e-type=\"column\">\n\t\t\t<div class=\"elementor-widget-wrap elementor-element-populated\">\n\t\t\t\t\t\t<div class=\"elementor-element elementor-element-21933b5 elementor-widget elementor-widget-ova_heading\" data-id=\"21933b5\" data-element_type=\"widget\" data-e-type=\"widget\" data-widget_type=\"ova_heading.default\">\n\t\t\t\t<div class=\"elementor-widget-container\">\n\t\t\t\t\t\t\t<div class=\"ova-heading version_1\">\n\t\t\t\t\t\t\t\t\t\t<h3 class=\"heading-title second_font\">Nuestra aliada Lila Downs, te env\u00eda un mensaje:\n<\/h3>\n\t\t\t\t\t\t\t\t<\/div>\n\t\t\t\t\t\t<\/div>\n\t\t\t\t<\/div>\n\t\t\t\t<section class=\"elementor-section elementor-inner-section elementor-element elementor-element-b333ce3 elementor-section-boxed elementor-section-height-default elementor-section-height-default\" data-id=\"b333ce3\" data-element_type=\"section\" data-e-type=\"section\">\n\t\t\t\t\t\t<div class=\"elementor-container elementor-column-gap-default\">\n\t\t\t\t\t<div class=\"elementor-column elementor-col-50 elementor-inner-column elementor-element elementor-element-375d033\" data-id=\"375d033\" data-element_type=\"column\" data-e-type=\"column\">\n\t\t\t<div class=\"elementor-widget-wrap elementor-element-populated\">\n\t\t\t\t\t\t<div class=\"elementor-element elementor-element-400fa76 elementor-widget elementor-widget-video\" data-id=\"400fa76\" data-element_type=\"widget\" data-e-type=\"widget\" data-settings=\"{&quot;youtube_url&quot;:&quot;https:\\\/\\\/www.youtube.com\\\/watch?v=GhxpLK3dRWI&quot;,&quot;video_type&quot;:&quot;youtube&quot;,&quot;controls&quot;:&quot;yes&quot;}\" data-widget_type=\"video.default\">\n\t\t\t\t<div class=\"elementor-widget-container\">\n\t\t\t\t\t\t\t<div class=\"elementor-wrapper elementor-open-inline\">\n\t\t\t<div class=\"elementor-video\"><\/div>\t\t<\/div>\n\t\t\t\t\t\t<\/div>\n\t\t\t\t<\/div>\n\t\t\t\t\t<\/div>\n\t\t<\/div>\n\t\t\t\t<div class=\"elementor-column elementor-col-50 elementor-inner-column elementor-element elementor-element-dbb02a7\" data-id=\"dbb02a7\" data-element_type=\"column\" data-e-type=\"column\">\n\t\t\t<div class=\"elementor-widget-wrap elementor-element-populated\">\n\t\t\t\t\t\t<div class=\"elementor-element elementor-element-aeffc5c elementor-widget elementor-widget-video\" data-id=\"aeffc5c\" data-element_type=\"widget\" data-e-type=\"widget\" data-settings=\"{&quot;youtube_url&quot;:&quot;https:\\\/\\\/www.youtube.com\\\/watch?v=-zxt415nK28&quot;,&quot;video_type&quot;:&quot;youtube&quot;,&quot;controls&quot;:&quot;yes&quot;}\" data-widget_type=\"video.default\">\n\t\t\t\t<div class=\"elementor-widget-container\">\n\t\t\t\t\t\t\t<div class=\"elementor-wrapper elementor-open-inline\">\n\t\t\t<div class=\"elementor-video\"><\/div>\t\t<\/div>\n\t\t\t\t\t\t<\/div>\n\t\t\t\t<\/div>\n\t\t\t\t\t<\/div>\n\t\t<\/div>\n\t\t\t\t\t<\/div>\n\t\t<\/section>\n\t\t\t\t<div class=\"elementor-element elementor-element-a961309 elementor-widget-divider--view-line elementor-widget elementor-widget-divider\" data-id=\"a961309\" data-element_type=\"widget\" data-e-type=\"widget\" data-widget_type=\"divider.default\">\n\t\t\t\t<div class=\"elementor-widget-container\">\n\t\t\t\t\t\t\t<div class=\"elementor-divider\">\n\t\t\t<span class=\"elementor-divider-separator\">\n\t\t\t\t\t\t<\/span>\n\t\t<\/div>\n\t\t\t\t\t\t<\/div>\n\t\t\t\t<\/div>\n\t\t\t\t\t<\/div>\n\t\t<\/div>\n\t\t\t\t\t<\/div>\n\t\t<\/section>\n\t\t\t\t<section class=\"elementor-section elementor-top-section elementor-element elementor-element-565b94b elementor-section-boxed elementor-section-height-default elementor-section-height-default\" data-id=\"565b94b\" data-element_type=\"section\" data-e-type=\"section\">\n\t\t\t\t\t\t<div class=\"elementor-container elementor-column-gap-default\">\n\t\t\t\t\t<div class=\"elementor-column elementor-col-50 elementor-top-column elementor-element elementor-element-ba318cd\" data-id=\"ba318cd\" data-element_type=\"column\" data-e-type=\"column\">\n\t\t\t<div class=\"elementor-widget-wrap elementor-element-populated\">\n\t\t\t\t\t\t<div class=\"elementor-element elementor-element-3c102c2 elementor-widget elementor-widget-image\" data-id=\"3c102c2\" data-element_type=\"widget\" data-e-type=\"widget\" data-widget_type=\"image.default\">\n\t\t\t\t<div class=\"elementor-widget-container\">\n\t\t\t\t\t\t\t\t\t\t\t\t\t\t\t<img decoding=\"async\" width=\"1024\" height=\"576\" src=\"https:\/\/fondoguadalupemusalem.org\/wp-content\/uploads\/2025\/01\/IMG_7336-1024x576.jpg\" class=\"attachment-large size-large wp-image-5690\" alt=\"\" srcset=\"https:\/\/fondoguadalupemusalem.org\/wp-content\/uploads\/2025\/01\/IMG_7336-1024x576.jpg 1024w, https:\/\/fondoguadalupemusalem.org\/wp-content\/uploads\/2025\/01\/IMG_7336-300x169.jpg 300w, https:\/\/fondoguadalupemusalem.org\/wp-content\/uploads\/2025\/01\/IMG_7336-768x432.jpg 768w, https:\/\/fondoguadalupemusalem.org\/wp-content\/uploads\/2025\/01\/IMG_7336-1536x864.jpg 1536w, https:\/\/fondoguadalupemusalem.org\/wp-content\/uploads\/2025\/01\/IMG_7336-2048x1151.jpg 2048w, https:\/\/fondoguadalupemusalem.org\/wp-content\/uploads\/2025\/01\/IMG_7336-600x337.jpg 600w\" sizes=\"(max-width: 1024px) 100vw, 1024px\" \/>\t\t\t\t\t\t\t\t\t\t\t\t\t\t\t<\/div>\n\t\t\t\t<\/div>\n\t\t\t\t\t<\/div>\n\t\t<\/div>\n\t\t\t\t<div class=\"elementor-column elementor-col-50 elementor-top-column elementor-element elementor-element-1a8b7d3\" data-id=\"1a8b7d3\" data-element_type=\"column\" data-e-type=\"column\">\n\t\t\t<div class=\"elementor-widget-wrap elementor-element-populated\">\n\t\t\t\t\t\t<div class=\"elementor-element elementor-element-893ac16 elementor-widget elementor-widget-text-editor\" data-id=\"893ac16\" data-element_type=\"widget\" data-e-type=\"widget\" data-widget_type=\"text-editor.default\">\n\t\t\t\t<div class=\"elementor-widget-container\">\n\t\t\t\t\t\t\t\t\t<h1><strong>Velada Musical 2024&nbsp;<\/strong><\/h1><div><span><p dir=\"ltr\" style=\"line-height:1.38;text-align: justify;margin-top:0pt;margin-bottom:0pt;\"><span style=\"font-size: 11pt; font-family: Arial, sans-serif; color: rgb(0, 0, 0); background-color: transparent; font-variant-numeric: normal; font-variant-east-asian: normal; font-variant-alternates: normal; font-variant-position: normal; font-variant-emoji: normal; vertical-align: baseline; white-space-collapse: preserve;\">La velada musical a favor de la educaci\u00f3n es un evento en el cual por m\u00e1s de 20 a\u00f1os Lila Downs ha donado una noche m\u00e1gica de m\u00fasica y reflexi\u00f3n para la promoci\u00f3n y difusi\u00f3n de la labor del Fondo Guadalupe Musalem as\u00ed como para agradecer las aportaciones de quienes generosamente se han sumado a este proyecto en favor de la educaci\u00f3n de las j\u00f3venes oaxaque\u00f1as.&nbsp;<\/span><\/p><br><p dir=\"ltr\" style=\"line-height:1.38;text-align: justify;margin-top:0pt;margin-bottom:0pt;\"><span style=\"font-size: 11pt; font-family: Arial, sans-serif; color: rgb(0, 0, 0); background-color: transparent; font-variant-numeric: normal; font-variant-east-asian: normal; font-variant-alternates: normal; font-variant-position: normal; font-variant-emoji: normal; vertical-align: baseline; white-space-collapse: preserve;\">Este 2024 la Velada Musical se llev\u00f3 a cabo por primera vez en la Ciudad de M\u00e9xico, en el Centro Cultural Tetetl\u00e1n, de La Casa Pedregal Luis Barrag\u00e1n.<\/span><\/p><div><span style=\"font-size: 11pt; font-family: Arial, sans-serif; color: rgb(0, 0, 0); background-color: transparent; font-variant-numeric: normal; font-variant-east-asian: normal; font-variant-alternates: normal; font-variant-position: normal; font-variant-emoji: normal; vertical-align: baseline; white-space-collapse: preserve;\"><br><\/span><\/div><\/span><\/div>\n<p><\/p>\t\t\t\t\t\t\t\t<\/div>\n\t\t\t\t<\/div>\n\t\t\t\t\t<\/div>\n\t\t<\/div>\n\t\t\t\t\t<\/div>\n\t\t<\/section>\n\t\t\t\t<\/div>\n\t\t","protected":false},"excerpt":{"rendered":"<p>Lila Downs Lila Downs, naci\u00f3 en la Heroica Ciudad de Tlaxiaco, Oaxaca. Desde hace m\u00e1s de veinte a\u00f1os,\u00a0 apoya la educaci\u00f3n de las j\u00f3venes becarias del Fondo Guadalupe Musalem. Cada a\u00f1o se suma con entusiasmo convocando a la campa\u00f1a\u00a0 de procuraci\u00f3n de fondos \u201cTu donativo cambia su vida\u201d, que da la oportunidad a j\u00f3venes provenientes [&hellip;]<\/p>\n","protected":false},"author":1,"featured_media":0,"parent":0,"menu_order":0,"comment_status":"closed","ping_status":"closed","template":"elementor_header_footer","meta":{"give_campaign_id":0,"footnotes":""},"class_list":["post-3981","page","type-page","status-publish","hentry"],"campaignId":"","_links":{"self":[{"href":"https:\/\/fondoguadalupemusalem.org\/index.php\/wp-json\/wp\/v2\/pages\/3981","targetHints":{"allow":["GET"]}}],"collection":[{"href":"https:\/\/fondoguadalupemusalem.org\/index.php\/wp-json\/wp\/v2\/pages"}],"about":[{"href":"https:\/\/fondoguadalupemusalem.org\/index.php\/wp-json\/wp\/v2\/types\/page"}],"author":[{"embeddable":true,"href":"https:\/\/fondoguadalupemusalem.org\/index.php\/wp-json\/wp\/v2\/users\/1"}],"replies":[{"embeddable":true,"href":"https:\/\/fondoguadalupemusalem.org\/index.php\/wp-json\/wp\/v2\/comments?post=3981"}],"version-history":[{"count":31,"href":"https:\/\/fondoguadalupemusalem.org\/index.php\/wp-json\/wp\/v2\/pages\/3981\/revisions"}],"predecessor-version":[{"id":5697,"href":"https:\/\/fondoguadalupemusalem.org\/index.php\/wp-json\/wp\/v2\/pages\/3981\/revisions\/5697"}],"wp:attachment":[{"href":"https:\/\/fondoguadalupemusalem.org\/index.php\/wp-json\/wp\/v2\/media?parent=3981"}],"curies":[{"name":"wp","href":"https:\/\/api.w.org\/{rel}","templated":true}]}}