{"id":3907,"date":"2022-11-24T11:18:22","date_gmt":"2022-11-24T17:18:22","guid":{"rendered":"http:\/\/fondoguadalupemusalem.org\/?page_id=3907"},"modified":"2023-02-14T13:06:51","modified_gmt":"2023-02-14T19:06:51","slug":"participa","status":"publish","type":"page","link":"https:\/\/fondoguadalupemusalem.org\/index.php\/participa\/","title":{"rendered":"Participa"},"content":{"rendered":"\t\t<div data-elementor-type=\"wp-post\" data-elementor-id=\"3907\" class=\"elementor elementor-3907\" data-elementor-post-type=\"page\">\n\t\t\t\t\t\t<section class=\"elementor-section elementor-top-section elementor-element elementor-element-af9f7c7 elementor-section-content-middle elementor-section-boxed elementor-section-height-default elementor-section-height-default\" data-id=\"af9f7c7\" data-element_type=\"section\" data-e-type=\"section\">\n\t\t\t\t\t\t<div class=\"elementor-container elementor-column-gap-no\">\n\t\t\t\t\t<div class=\"elementor-column elementor-col-100 elementor-top-column elementor-element elementor-element-828de51\" data-id=\"828de51\" data-element_type=\"column\" data-e-type=\"column\">\n\t\t\t<div class=\"elementor-widget-wrap elementor-element-populated\">\n\t\t\t\t\t\t<div class=\"elementor-element elementor-element-86a7675 elementor-widget elementor-widget-ova_heading\" data-id=\"86a7675\" data-element_type=\"widget\" data-e-type=\"widget\" data-widget_type=\"ova_heading.default\">\n\t\t\t\t<div class=\"elementor-widget-container\">\n\t\t\t\t\t\t\t<div class=\"ova-heading version_1\">\n\t\t\t\t\t\t\t\t\t\t<h3 class=\"heading-title second_font\">Haz la diferencia<\/h3>\n\t\t\t\t\t\t\t\t<\/div>\n\t\t\t\t\t\t<\/div>\n\t\t\t\t<\/div>\n\t\t\t\t<div class=\"elementor-element elementor-element-f52308d elementor-widget elementor-widget-text-editor\" data-id=\"f52308d\" data-element_type=\"widget\" data-e-type=\"widget\" data-widget_type=\"text-editor.default\">\n\t\t\t\t<div class=\"elementor-widget-container\">\n\t\t\t\t\t\t\t\t\t<p style=\"text-align: center;\">\u00a1Tu donativo cambia su vida!<\/p><p style=\"text-align: center;\">Gracias por decir s\u00ed a la educaci\u00f3n de las mujeres<\/p><p style=\"text-align: center;\"><em><strong>\u00a0<\/strong><\/em><\/p><h3><strong>Otras formas de donar:<\/strong><\/h3><p>Si tienes alguna empresa u organizaci\u00f3n, puedes ayudar al Fondo Guadalupe Musalem A.C. mediante el patrocinio de eventos, publicaciones o tambi\u00e9n colaborar directamente en la ejecuci\u00f3n de las iniciativas y procuraci\u00f3n de fondos.<\/p><ul><li>Incluir el logotipo o enlace del Fondo Guadalupe Musalem A.C. en su sitio web.<\/li><li>Colocar una alcanc\u00eda en sus oficinas para recaudar donativos.<\/li><li>Ofrecer sus servicios o productos como una donaci\u00f3n en especie, de esta manera nos apoyar\u00e1n a reducir los costos administrativos y operativos del Fondo Guadalupe Musalem A.C.<\/li><\/ul><p>Cont\u00e1ctanos: <a href=\"mailto:coordinacion@fondoguadalupemusalem.org\">coordinacion@fondoguadalupemusalem.org<\/a><\/p><h3>Organiza un evento<\/h3><ul><li style=\"list-style-type: none;\"><ul><li>Ponte en contacto con un grupo musical para organizar un concierto.<\/li><li>Si tienes un restaurante puedes hacer una cena con causa.<\/li><li>Quienes trabajan en una oficina pueden llevar a cabo una reuni\u00f3n a beneficio del Fondo Guadalupe Musalem A.C.<\/li><li>Un equipo deportivo puede competir en nombre de esta asociaci\u00f3n civil.<\/li><li>Organiza una rifa para recaudar fondos.<\/li><\/ul><\/li><\/ul><p>El Fondo evaluar\u00e1 tu propuesta para asegurar que cumpla los objetivos y la misi\u00f3n de este proyecto educativo.<\/p><p><span style=\"font-family: var( --e-global-typography-text-font-family ), Sans-serif; font-weight: var( --e-global-typography-text-font-weight ); letter-spacing: 0px;\">Puedes solicitar que te compartamos material informativo como folletos, carteles, fotos y videos.<\/span><\/p><h3>Realiza trabajo voluntario<\/h3><p><strong><em>\u00a1El trabajo voluntario fortalece la organizaci\u00f3n!<\/em><\/strong><\/p><p>El Fondo Guadalupe Musalem A.C. ofrece la oportunidad de apoyar a este proyecto educativo a trav\u00e9s del servicio voluntario que enriquece nuestro trabajo a favor de j\u00f3venes mujeres del estado de Oaxaca.<\/p><p>Ser voluntaria o voluntario implica establecer un verdadero compromiso de trabajo en los tiempos y tareas acordadas.<\/p><p>Si deseas m\u00e1s informaci\u00f3n acerca de c\u00f3mo ser voluntaria o voluntario escr\u00edbenos al correo coordinacion@fondoguadalupemusalem.org y env\u00edanos tu curr\u00edculum vitae para incorporarte al \u00e1rea m\u00e1s adecuada a tu perfil.<\/p>\t\t\t\t\t\t\t\t<\/div>\n\t\t\t\t<\/div>\n\t\t\t\t\t<\/div>\n\t\t<\/div>\n\t\t\t\t\t<\/div>\n\t\t<\/section>\n\t\t\t\t<section class=\"elementor-section elementor-top-section elementor-element elementor-element-7b262d1 elementor-section-boxed elementor-section-height-default elementor-section-height-default\" data-id=\"7b262d1\" data-element_type=\"section\" data-e-type=\"section\" data-settings=\"{&quot;background_background&quot;:&quot;classic&quot;}\">\n\t\t\t\t\t\t<div class=\"elementor-container elementor-column-gap-no\">\n\t\t\t\t\t<div class=\"elementor-column elementor-col-100 elementor-top-column elementor-element elementor-element-f78aec0\" data-id=\"f78aec0\" data-element_type=\"column\" data-e-type=\"column\">\n\t\t\t<div class=\"elementor-widget-wrap elementor-element-populated\">\n\t\t\t\t\t\t<div class=\"elementor-element elementor-element-a961309 elementor-widget-divider--view-line elementor-widget elementor-widget-divider\" data-id=\"a961309\" data-element_type=\"widget\" data-e-type=\"widget\" data-widget_type=\"divider.default\">\n\t\t\t\t<div class=\"elementor-widget-container\">\n\t\t\t\t\t\t\t<div class=\"elementor-divider\">\n\t\t\t<span class=\"elementor-divider-separator\">\n\t\t\t\t\t\t<\/span>\n\t\t<\/div>\n\t\t\t\t\t\t<\/div>\n\t\t\t\t<\/div>\n\t\t\t\t\t<\/div>\n\t\t<\/div>\n\t\t\t\t\t<\/div>\n\t\t<\/section>\n\t\t\t\t<\/div>\n\t\t","protected":false},"excerpt":{"rendered":"<p>Haz la diferencia \u00a1Tu donativo cambia su vida! Gracias por decir s\u00ed a la educaci\u00f3n de las mujeres \u00a0 Otras formas de donar: Si tienes alguna empresa u organizaci\u00f3n, puedes ayudar al Fondo Guadalupe Musalem A.C. mediante el patrocinio de eventos, publicaciones o tambi\u00e9n colaborar directamente en la ejecuci\u00f3n de las iniciativas y procuraci\u00f3n de [&hellip;]<\/p>\n","protected":false},"author":1,"featured_media":0,"parent":0,"menu_order":0,"comment_status":"closed","ping_status":"closed","template":"elementor_header_footer","meta":{"give_campaign_id":0,"footnotes":""},"class_list":["post-3907","page","type-page","status-publish","hentry"],"campaignId":"","_links":{"self":[{"href":"https:\/\/fondoguadalupemusalem.org\/index.php\/wp-json\/wp\/v2\/pages\/3907","targetHints":{"allow":["GET"]}}],"collection":[{"href":"https:\/\/fondoguadalupemusalem.org\/index.php\/wp-json\/wp\/v2\/pages"}],"about":[{"href":"https:\/\/fondoguadalupemusalem.org\/index.php\/wp-json\/wp\/v2\/types\/page"}],"author":[{"embeddable":true,"href":"https:\/\/fondoguadalupemusalem.org\/index.php\/wp-json\/wp\/v2\/users\/1"}],"replies":[{"embeddable":true,"href":"https:\/\/fondoguadalupemusalem.org\/index.php\/wp-json\/wp\/v2\/comments?post=3907"}],"version-history":[{"count":40,"href":"https:\/\/fondoguadalupemusalem.org\/index.php\/wp-json\/wp\/v2\/pages\/3907\/revisions"}],"predecessor-version":[{"id":5108,"href":"https:\/\/fondoguadalupemusalem.org\/index.php\/wp-json\/wp\/v2\/pages\/3907\/revisions\/5108"}],"wp:attachment":[{"href":"https:\/\/fondoguadalupemusalem.org\/index.php\/wp-json\/wp\/v2\/media?parent=3907"}],"curies":[{"name":"wp","href":"https:\/\/api.w.org\/{rel}","templated":true}]}}