{"id":3827,"date":"2022-11-14T17:37:20","date_gmt":"2022-11-14T23:37:20","guid":{"rendered":"http:\/\/fondoguadalupemusalem.org\/?page_id=3827"},"modified":"2023-02-02T18:24:16","modified_gmt":"2023-02-03T00:24:16","slug":"testimonios","status":"publish","type":"page","link":"https:\/\/fondoguadalupemusalem.org\/index.php\/testimonios\/","title":{"rendered":"Testimonios"},"content":{"rendered":"\t\t<div data-elementor-type=\"wp-post\" data-elementor-id=\"3827\" class=\"elementor elementor-3827\" data-elementor-post-type=\"page\">\n\t\t\t\t\t\t<section class=\"elementor-section elementor-top-section elementor-element elementor-element-af9f7c7 elementor-section-content-middle elementor-section-boxed elementor-section-height-default elementor-section-height-default\" data-id=\"af9f7c7\" data-element_type=\"section\" data-e-type=\"section\">\n\t\t\t\t\t\t<div class=\"elementor-container elementor-column-gap-no\">\n\t\t\t\t\t<div class=\"elementor-column elementor-col-100 elementor-top-column elementor-element elementor-element-828de51\" data-id=\"828de51\" data-element_type=\"column\" data-e-type=\"column\">\n\t\t\t<div class=\"elementor-widget-wrap elementor-element-populated\">\n\t\t\t\t\t\t<div class=\"elementor-element elementor-element-86a7675 elementor-widget elementor-widget-ova_heading\" data-id=\"86a7675\" data-element_type=\"widget\" data-e-type=\"widget\" data-widget_type=\"ova_heading.default\">\n\t\t\t\t<div class=\"elementor-widget-container\">\n\t\t\t\t\t\t\t<div class=\"ova-heading version_1\">\n\t\t\t\t\t\t\t\t\t\t<h3 class=\"heading-title second_font\">Graduadas<\/h3>\n\t\t\t\t\t\t\t\t<\/div>\n\t\t\t\t\t\t<\/div>\n\t\t\t\t<\/div>\n\t\t\t\t<div class=\"elementor-element elementor-element-efc07cb elementor-widget elementor-widget-text-editor\" data-id=\"efc07cb\" data-element_type=\"widget\" data-e-type=\"widget\" data-widget_type=\"text-editor.default\">\n\t\t\t\t<div class=\"elementor-widget-container\">\n\t\t\t\t\t\t\t\t\t<p>Las j\u00f3venes graduadas (ex becarias de bachillerato del FGM) se han destacado en distintas \u00e1reas y han sido reconocidas por sus actividades a favor de su comunidad.<\/p><p>Tal es el caso de la cineasta y promotora de cine comunitario Luna Mar\u00e1n (La Calenda Audiovisual A.C., Campamento Audiovisual Itinerante, Agenda Guelatao, Cine Too); el de Angelina Mart\u00ednez P\u00e9rez como promotora del turismo ecol\u00f3gico sustentable, desde la organizaci\u00f3n de Pueblos Mancomunados de la Sierra Norte de Oaxaca; o el de Elvia Rodr\u00edguez, quien obtuvo el Premio Estatal de la Juventud 2015.<\/p><p>Varias de las egresadas del Fondo se han incorporado en distintas asociaciones civiles o desarrollan trabajos vinculados con los derechos de las mujeres.<\/p><p>Cuatro j\u00f3venes han recibido el Premio Nacional de la Juventud: Maricela Zurita\u00a0(2009), Berta Mart\u00ednez (2010), Sonia Garc\u00eda (2010) y Silvia Citlalli L\u00f3pez\u00a0\u00a0(2011). Otras m\u00e1s han participado en seminarios, eventos acad\u00e9micos, encuentros ind\u00edgenas, estancias cortas, etc., ejemplo de ellos son: Reyna Luz Santiago, Rosa Narv\u00e1ez, Sonia Bautista, Gabriela Salom\u00e9, Macrina P\u00e9rez, por citar algunas.<\/p>\t\t\t\t\t\t\t\t<\/div>\n\t\t\t\t<\/div>\n\t\t\t\t<section class=\"elementor-section elementor-inner-section elementor-element elementor-element-3393f97 elementor-section-boxed elementor-section-height-default elementor-section-height-default\" data-id=\"3393f97\" data-element_type=\"section\" data-e-type=\"section\">\n\t\t\t\t\t\t<div class=\"elementor-container elementor-column-gap-default\">\n\t\t\t\t\t<div class=\"elementor-column elementor-col-33 elementor-inner-column elementor-element elementor-element-369c523\" data-id=\"369c523\" data-element_type=\"column\" data-e-type=\"column\">\n\t\t\t<div class=\"elementor-widget-wrap elementor-element-populated\">\n\t\t\t\t\t\t<div class=\"elementor-element elementor-element-9271ee9 elementor-widget elementor-widget-ova_volunteer\" data-id=\"9271ee9\" data-element_type=\"widget\" data-e-type=\"widget\" data-widget_type=\"ova_volunteer.default\">\n\t\t\t\t<div class=\"elementor-widget-container\">\n\t\t\t\t\t\t\t<div class=\"ova-volunteer\">\n\t\t\t<div class=\"ova-media pop-media\">\n\t\t\t\t<img decoding=\"async\" src=\"http:\/\/fondoguadalupemusalem.org\/wp-content\/uploads\/2022\/11\/431a56_4c2ef1cd48364e4c8ee18cde18aafd38_mv2.webp\" alt=\"Luna Maran \">\n\t\t\t\t\t\t\t<\/div>\n\t\t\t<div class=\"ova-content\">\n\t\t\t\t\t\t\t\t\t<h3 class=\"name second_font\"><a href=\"#\">Luna Maran <\/a><\/h3>\n\t\t\t\t\t\t\t\t\t\t\t\t\t<p class=\"job\">Licenciada en Ciencias Audiovisuales<\/p>\n\t\t\t\t\t\t\t<\/div>\n\t\t\t\n\t\t\t\t\t\t\t<div class=\"popup_volunteer\">\n\t\t\t\t\t\t\t\t\t\t\t<a class=\"view_volunteer\"><i class=\"icon_plus\"><\/i><\/a>\n\t\t\t\t\t\t\t\t\t\t<div class=\"content_popup\">\n\t\t\t\t\t\t<div class=\"container bgr-popup\">\n\t\t\t\t\t\t\t<span class=\"btn_close icon_close\"><\/span>\n\t\t\t\t\t\t\t<div class=\"row\">\n\t\t\t\t\t\t\t\t<div class=\"col-lg-6\">\n\t\t\t\t\t\t\t\t\t<div class=\"volunteer-popup-img\">\n\t\t\t\t\t\t\t\t\t\t<img decoding=\"async\" src=\"http:\/\/fondoguadalupemusalem.org\/wp-content\/uploads\/2022\/11\/431a56_92a27ac0f1b148c095e3b53fa857e751_mv2.webp\" alt=\"Luna Mart\u00ednez Andrade\">\n\t\t\t\t\t\t\t\t\t<\/div>\n\t\t\t\t\t\t\t\t<\/div>\n\t\t\t\t\t\t\t\t<div class=\"col-lg-6\">\n\t\t\t\t\t\t\t\t\t<div class=\"volunteer-popup-content\">\n\t\t\t\t\t\t\t\t\t\t<h3 class=\"second_font\">Luna Mart\u00ednez Andrade<\/h3>\n\t\t\t\t\t\t\t\t\t\t<span class=\"job\">Licenciada en Ciencias Audiovisuales<\/span>\n\t\t\t\t\t\t\t\t\t\t<p>Mi nombre es Luna Mart\u00ednez Andrade, pero soy m\u00e1s conocida como Luna Mar\u00e1n.\nAl entrar al Fondo Guadalupe Musalem A.C. aprend\u00ed y reconoc\u00ed muchas cosas, reconoc\u00ed que estar juntas nos hace muy fuertes, reconoc\u00ed un mundo nuevo y me convert\u00ed en una mujer muy fuerte, tambi\u00e9n un poco necia en el sentido de querer hacer las cosas que uno quiere, y de disfrutar mi vida plenamente. As\u00ed que me puse muy necia y decid\u00ed estudiar Cine... han pasado los a\u00f1os, ahora hago audiovisuales como como &quot;Me parezco tanto a ti&quot;, que intentan contar historias de mujeres valientes.\n\n\u200b<\/p>\n\t\t\t\t\t\t\t\t\t\t<div class=\"list-con\">\n\t\t\t\t\t\t\t\t\t\t\t<ul>\n\t\t\t\t\t\t\t\t\t\t\t\t\t\t\t\t\t\t\t\t\t\t\t\t\t<li><a target=\"_blank\" ref=\"nofollow\" href=\"#\"><i class=\"\"><\/i><\/a><\/li>\n\t\t\t\t\t\t\t\t\t\t\t\t\t\t\t\t\t\t\t\t\t\t\t<\/ul>\n\t\t\t\t\t\t\t\t\t\t<\/div>\n\t\t\t\t\t\t\t\t\t<\/div>\n\t\t\t\t\t\t\t\t<\/div>\n\t\t\t\t\t\t\t<\/div>\n\t\t\t\t\t\t<\/div>\n\t\t\t\t\t<\/div>\n\t\t\t\t<\/div>\n\t\t\t\t\t<\/div>\n\t\t\t\t\t\t<\/div>\n\t\t\t\t<\/div>\n\t\t\t\t\t<\/div>\n\t\t<\/div>\n\t\t\t\t<div class=\"elementor-column elementor-col-33 elementor-inner-column elementor-element elementor-element-d5c18f1\" data-id=\"d5c18f1\" data-element_type=\"column\" data-e-type=\"column\">\n\t\t\t<div class=\"elementor-widget-wrap elementor-element-populated\">\n\t\t\t\t\t\t<div class=\"elementor-element elementor-element-5c02951 elementor-widget elementor-widget-ova_volunteer\" data-id=\"5c02951\" data-element_type=\"widget\" data-e-type=\"widget\" data-widget_type=\"ova_volunteer.default\">\n\t\t\t\t<div class=\"elementor-widget-container\">\n\t\t\t\t\t\t\t<div class=\"ova-volunteer\">\n\t\t\t<div class=\"ova-media pop-media\">\n\t\t\t\t<img decoding=\"async\" src=\"http:\/\/fondoguadalupemusalem.org\/wp-content\/uploads\/2022\/11\/431a56_91b5a05f05044fc5aa55798c3bb7bfbd_mv2_d_2048_1536_s_2.webp\" alt=\"Angelina Mart\u00ednez\">\n\t\t\t\t\t\t\t<\/div>\n\t\t\t<div class=\"ova-content\">\n\t\t\t\t\t\t\t\t\t<h3 class=\"name second_font\"><a href=\"#\">Angelina Mart\u00ednez<\/a><\/h3>\n\t\t\t\t\t\t\t\t\t\t\t\t\t<p class=\"job\">Licenciada en Administraci\u00f3n de Empresas Tur\u00edsticas<\/p>\n\t\t\t\t\t\t\t<\/div>\n\t\t\t\n\t\t\t\t\t\t\t<div class=\"popup_volunteer\">\n\t\t\t\t\t\t\t\t\t\t\t<a class=\"view_volunteer\"><i class=\"icon_plus\"><\/i><\/a>\n\t\t\t\t\t\t\t\t\t\t<div class=\"content_popup\">\n\t\t\t\t\t\t<div class=\"container bgr-popup\">\n\t\t\t\t\t\t\t<span class=\"btn_close icon_close\"><\/span>\n\t\t\t\t\t\t\t<div class=\"row\">\n\t\t\t\t\t\t\t\t<div class=\"col-lg-6\">\n\t\t\t\t\t\t\t\t\t<div class=\"volunteer-popup-img\">\n\t\t\t\t\t\t\t\t\t\t<img decoding=\"async\" src=\"http:\/\/fondoguadalupemusalem.org\/wp-content\/uploads\/2022\/11\/431a56_a2aa88ef8c5844fa9e487d8b915d4d3b_mv2.webp\" alt=\"Angelina Mart\u00ednez P\u00e9rez\">\n\t\t\t\t\t\t\t\t\t<\/div>\n\t\t\t\t\t\t\t\t<\/div>\n\t\t\t\t\t\t\t\t<div class=\"col-lg-6\">\n\t\t\t\t\t\t\t\t\t<div class=\"volunteer-popup-content\">\n\t\t\t\t\t\t\t\t\t\t<h3 class=\"second_font\">Angelina Mart\u00ednez P\u00e9rez<\/h3>\n\t\t\t\t\t\t\t\t\t\t<span class=\"job\">Licenciada en Administraci\u00f3n de Empresas Tur\u00edsticas<\/span>\n\t\t\t\t\t\t\t\t\t\t<p>Mi nombre es Angelina Mart\u00ednez P\u00e9rez, soy orgullosamente serrana, de San Antonio Cuajimoloyas, una comunidad zapoteca ubicada a hora y media de la ciudad de Oaxaca.\n\nHace 11 a\u00f1os llegu\u00e9 al Fondo Guadalupe Musalem A.C., soy hija de campesinos. Cuando ten\u00eda quince a\u00f1os decid\u00ed que no quer\u00eda casarme a esa edad, que quer\u00eda tener una vida diferente, que quer\u00eda hacer una carrera, darle a mis padres el orgullo de tener una hija con una profesi\u00f3n.\n\nEncontr\u00e9 en el Fondo Guadalupe Musalem A.C., no solo el apoyo econ\u00f3mico que mis padres no pod\u00edan darme para estudiar el bachillerato, sino adem\u00e1s un segundo hogar. La doctora Margarita Dalton Palomo fue mi tutora durante tres a\u00f1os. Conoc\u00ed a muchas amigas, a muchas hermanas que tambi\u00e9n estudiaron una carrera.\n\nMe gradu\u00e9 de Licenciada en Administraci\u00f3n de Empresas Tur\u00edsticas en el 2010 y regres\u00e9 a trabajar a la Sierra Norte, hoy dirijo una de las redes m\u00e1s importantes de ecoturismo del pa\u00eds \u201cExpediciones Sierra Norte\u201d, con dos reconocimientos a nivel internacional, que recibimos de alrededor de 60 pa\u00edses en todo el mundo, entre ellos el premio To-Do! 2016, que reconoce a lo mejor del Turismo Socialmente Responsable. La ceremonia de entrega se llev\u00f3 a cabo en Berl\u00edn, Alemania, en el marco de la Feria Internacional de Turismo \u201cITB\u201d.\n\nCinco de nuestros centros han recibido el reconocimiento \u201cM\u201d Moderniza ecotur\u00edstico y esto es parte de la larga trayectoria que han hecho las comunidades, pero sobre todo parte de la trayectoria que como mujer ind\u00edgena y que como graduada del Fondo Guadalupe Musalem A.C. he podido contribuir.\n\nSolamente soy un testimonio de lo que ustedes est\u00e1n ayudando a construir, por eso quiero invitarlos a seguir donando, a seguir construyendo este tipo de historias de vida. Su donativo s\u00ed cambia vidas, pero sobre todo cambia comunidades enteras.\n\n\u200b\n(Fragmento de la intervenci\u00f3n de Angelina en la cena\/velada con Lila Downs 07\/04\/2016)\n\n\u200b<\/p>\n\t\t\t\t\t\t\t\t\t\t<div class=\"list-con\">\n\t\t\t\t\t\t\t\t\t\t\t<ul>\n\t\t\t\t\t\t\t\t\t\t\t\t\t\t\t\t\t\t\t\t\t\t\t\t\t<li><a target=\"_blank\" ref=\"nofollow\" href=\"#\"><i class=\"\"><\/i><\/a><\/li>\n\t\t\t\t\t\t\t\t\t\t\t\t\t\t\t\t\t\t\t\t\t\t\t<\/ul>\n\t\t\t\t\t\t\t\t\t\t<\/div>\n\t\t\t\t\t\t\t\t\t<\/div>\n\t\t\t\t\t\t\t\t<\/div>\n\t\t\t\t\t\t\t<\/div>\n\t\t\t\t\t\t<\/div>\n\t\t\t\t\t<\/div>\n\t\t\t\t<\/div>\n\t\t\t\t\t<\/div>\n\t\t\t\t\t\t<\/div>\n\t\t\t\t<\/div>\n\t\t\t\t\t<\/div>\n\t\t<\/div>\n\t\t\t\t<div class=\"elementor-column elementor-col-33 elementor-inner-column elementor-element elementor-element-2ed43eb\" data-id=\"2ed43eb\" data-element_type=\"column\" data-e-type=\"column\">\n\t\t\t<div class=\"elementor-widget-wrap elementor-element-populated\">\n\t\t\t\t\t\t<div class=\"elementor-element elementor-element-11aef96 elementor-widget elementor-widget-ova_volunteer\" data-id=\"11aef96\" data-element_type=\"widget\" data-e-type=\"widget\" data-widget_type=\"ova_volunteer.default\">\n\t\t\t\t<div class=\"elementor-widget-container\">\n\t\t\t\t\t\t\t<div class=\"ova-volunteer\">\n\t\t\t<div class=\"ova-media pop-media\">\n\t\t\t\t<img decoding=\"async\" src=\"http:\/\/fondoguadalupemusalem.org\/wp-content\/uploads\/2022\/11\/431a56_8f70d8f18c584379940ca0b03020ea77_mv2_d_3264_2448_s_4_2.webp\" alt=\"Elvia Rodr\u00edguez\">\n\t\t\t\t\t\t\t<\/div>\n\t\t\t<div class=\"ova-content\">\n\t\t\t\t\t\t\t\t\t<h3 class=\"name second_font\"><a href=\"#\">Elvia Rodr\u00edguez<\/a><\/h3>\n\t\t\t\t\t\t\t\t\t\t\t\t\t<p class=\"job\">Licenciada en Relaciones Internacionales<\/p>\n\t\t\t\t\t\t\t<\/div>\n\t\t\t\n\t\t\t\t\t\t\t<div class=\"popup_volunteer\">\n\t\t\t\t\t\t\t\t\t\t\t<a class=\"view_volunteer\"><i class=\"icon_plus\"><\/i><\/a>\n\t\t\t\t\t\t\t\t\t\t<div class=\"content_popup\">\n\t\t\t\t\t\t<div class=\"container bgr-popup\">\n\t\t\t\t\t\t\t<span class=\"btn_close icon_close\"><\/span>\n\t\t\t\t\t\t\t<div class=\"row\">\n\t\t\t\t\t\t\t\t<div class=\"col-lg-6\">\n\t\t\t\t\t\t\t\t\t<div class=\"volunteer-popup-img\">\n\t\t\t\t\t\t\t\t\t\t<img decoding=\"async\" src=\"http:\/\/fondoguadalupemusalem.org\/wp-content\/uploads\/2022\/11\/431a56_8f70d8f18c584379940ca0b03020ea77_mv2_d_3264_2448_s_4_2-1.webp\" alt=\"Elvia Rodr\u00edguez Rodr\u00edguez \">\n\t\t\t\t\t\t\t\t\t<\/div>\n\t\t\t\t\t\t\t\t<\/div>\n\t\t\t\t\t\t\t\t<div class=\"col-lg-6\">\n\t\t\t\t\t\t\t\t\t<div class=\"volunteer-popup-content\">\n\t\t\t\t\t\t\t\t\t\t<h3 class=\"second_font\">Elvia Rodr\u00edguez Rodr\u00edguez <\/h3>\n\t\t\t\t\t\t\t\t\t\t<span class=\"job\">Licenciada en Relaciones Internacionales<\/span>\n\t\t\t\t\t\t\t\t\t\t<p>Mi nombre es Elvia Rodr\u00edguez Rodr\u00edguez, soy originaria del municipio de Santo Tom\u00e1s Ocotepec, Tlaxiaco.\n\nMi padre siempre quiso que sus hijos siguieran estudiando y les brind\u00f3 las facilidades para hacerlo, aunque ninguno las aprovech\u00f3; mientras que las hijas solo pod\u00edan estudiar la secundaria porque no val\u00eda la pena enviarlas al bachillerato, ya que se casar\u00edan y se quedar\u00edan en casa cuidando a los hijos y atendiendo al marido.\n\nAunado a ello, estaba la falta de recursos econ\u00f3micos, ya que las actividades productivas de los padres, solo dejaban para comer. A pesar de esto, mis hermanas y yo decidimos, con el apoyo de mi madre, que quer\u00edamos un futuro distinto en el que pudi\u00e9ramos elegir nuestro propio rumbo, por esa raz\u00f3n, reun\u00ed mis documentos y me vine a Oaxaca con mi hermana, para solicitar la beca del Fondo Guadalupe Musalem A.C.\n\nAl principio llegu\u00e9 buscando el apoyo econ\u00f3mico para estudiar, pero con el tiempo me di cuenta que ser parte de este proyecto es pertenecer a una gran familia de mujeres que nos ayudan a crecer, que nos gu\u00edan, nos escuchan y nos acompa\u00f1an en nuestro recorrido.\n\nEn el Fondo aprend\u00ed a ser m\u00e1s consciente de la realidad en la que vivimos las mujeres porque desde el contexto de mi comunidad muchas cosas me parec\u00edan normales.\n\nEn el a\u00f1o 2010 fui becaria de la Embajada de los Estados Unidos de Norteam\u00e9rica, lo que me permiti\u00f3 viajar a ese pa\u00eds y conocer parte de su cultura; tambi\u00e9n asist\u00ed a la Primera Cumbre de J\u00f3venes Embajadores del continente americano, efectuada en Panam\u00e1.\n\nDespu\u00e9s me convert\u00ed en becaria universitaria y gracias a ello estudi\u00e9 la Licenciatura en Relaciones Internacionales en la Benem\u00e9rita Universidad Aut\u00f3noma de Puebla; el primer a\u00f1o con apoyo de varias mujeres, y a partir del segundo, con la ayuda de la se\u00f1ora Lupita Ch\u00e1vez Joya, a trav\u00e9s de la fundaci\u00f3n \u201cLucha por Ti\u201d.\n\nEn diciembre de 2015 culmin\u00e9 la licenciatura con un promedio general de 9.55, y en enero de 2016 realic\u00e9 mis pr\u00e1cticas profesionales en el Consulado General de M\u00e9xico en Nueva York.\n\nEn reconocimiento al trabajo voluntario que he realizado en mi comunidad, fui galardonada con el Premio Estatal de la Juventud 2015 en la categor\u00eda de Labor Social.\n\nDe todo coraz\u00f3n les doy las gracias a todas las personas que confiaron en m\u00ed, ahora las y los invito a seguir haci\u00e9ndolo porque su apoyo econ\u00f3mico ayuda a formar una sociedad menos desigual, contribuye positivamente en la vida de una joven, de su familia y de su comunidad.<\/p>\n\t\t\t\t\t\t\t\t\t\t<div class=\"list-con\">\n\t\t\t\t\t\t\t\t\t\t\t<ul>\n\t\t\t\t\t\t\t\t\t\t\t\t\t\t\t\t\t\t\t\t\t\t\t\t\t<li><a target=\"_blank\" ref=\"nofollow\" href=\"#\"><i class=\"\"><\/i><\/a><\/li>\n\t\t\t\t\t\t\t\t\t\t\t\t\t\t\t\t\t\t\t\t\t\t\t<\/ul>\n\t\t\t\t\t\t\t\t\t\t<\/div>\n\t\t\t\t\t\t\t\t\t<\/div>\n\t\t\t\t\t\t\t\t<\/div>\n\t\t\t\t\t\t\t<\/div>\n\t\t\t\t\t\t<\/div>\n\t\t\t\t\t<\/div>\n\t\t\t\t<\/div>\n\t\t\t\t\t<\/div>\n\t\t\t\t\t\t<\/div>\n\t\t\t\t<\/div>\n\t\t\t\t\t<\/div>\n\t\t<\/div>\n\t\t\t\t\t<\/div>\n\t\t<\/section>\n\t\t\t\t<div class=\"elementor-element elementor-element-d42894e elementor-widget elementor-widget-spacer\" data-id=\"d42894e\" data-element_type=\"widget\" data-e-type=\"widget\" data-widget_type=\"spacer.default\">\n\t\t\t\t<div class=\"elementor-widget-container\">\n\t\t\t\t\t\t\t<div class=\"elementor-spacer\">\n\t\t\t<div class=\"elementor-spacer-inner\"><\/div>\n\t\t<\/div>\n\t\t\t\t\t\t<\/div>\n\t\t\t\t<\/div>\n\t\t\t\t<div class=\"elementor-element elementor-element-9b759b4 elementor-widget elementor-widget-ova_heading\" data-id=\"9b759b4\" data-element_type=\"widget\" data-e-type=\"widget\" data-widget_type=\"ova_heading.default\">\n\t\t\t\t<div class=\"elementor-widget-container\">\n\t\t\t\t\t\t\t<div class=\"ova-heading version_1\">\n\t\t\t\t\t\t\t\t\t\t<h3 class=\"heading-title second_font\">M\u00e1s historias<\/h3>\n\t\t\t\t\t\t\t\t<\/div>\n\t\t\t\t\t\t<\/div>\n\t\t\t\t<\/div>\n\t\t\t\t<div class=\"elementor-element elementor-element-56ddb00 elementor-skin-coverflow elementor-arrows-yes elementor-pagination-type-bullets elementor-pagination-position-outside elementor-widget elementor-widget-media-carousel\" data-id=\"56ddb00\" data-element_type=\"widget\" data-e-type=\"widget\" data-settings=\"{&quot;skin&quot;:&quot;coverflow&quot;,&quot;show_arrows&quot;:&quot;yes&quot;,&quot;pagination&quot;:&quot;bullets&quot;,&quot;speed&quot;:500,&quot;autoplay&quot;:&quot;yes&quot;,&quot;autoplay_speed&quot;:5000,&quot;loop&quot;:&quot;yes&quot;,&quot;pause_on_hover&quot;:&quot;yes&quot;,&quot;pause_on_interaction&quot;:&quot;yes&quot;,&quot;space_between&quot;:{&quot;unit&quot;:&quot;px&quot;,&quot;size&quot;:10,&quot;sizes&quot;:[]},&quot;space_between_tablet&quot;:{&quot;unit&quot;:&quot;px&quot;,&quot;size&quot;:10,&quot;sizes&quot;:[]},&quot;space_between_mobile&quot;:{&quot;unit&quot;:&quot;px&quot;,&quot;size&quot;:10,&quot;sizes&quot;:[]}}\" data-widget_type=\"media-carousel.default\">\n\t\t\t\t<div class=\"elementor-widget-container\">\n\t\t\t\t\t\t\t<div class=\"elementor-swiper\">\n\t\t\t<div class=\"elementor-main-swiper swiper-container\">\n\t\t\t\t<div class=\"swiper-wrapper\">\n\t\t\t\t\t\t\t\t\t\t\t<div class=\"swiper-slide\">\n\t\t\t\t\t\t\t<a href=\"http:\/\/fondoguadalupemusalem.org\/wp-content\/uploads\/2023\/01\/maxresdefault.jpg\" data-elementor-open-lightbox=\"yes\" data-elementor-lightbox-slideshow=\"56ddb00\" data-elementor-lightbox-title=\"maxresdefault\" data-e-action-hash=\"#elementor-action%3Aaction%3Dlightbox%26settings%3DeyJpZCI6NDQ4MCwidXJsIjoiaHR0cHM6XC9cL2ZvbmRvZ3VhZGFsdXBlbXVzYWxlbS5vcmdcL3dwLWNvbnRlbnRcL3VwbG9hZHNcLzIwMjNcLzAxXC9tYXhyZXNkZWZhdWx0LmpwZyIsInNsaWRlc2hvdyI6IjU2ZGRiMDAifQ%3D%3D\" data-elementor-lightbox-video=\"https:\/\/www.youtube.com\/embed\/2Fi3TeIICSs?feature=oembed&amp;autoplay=1&amp;rel=0&amp;controls=0\">\t\t<div class=\"elementor-carousel-image\" role=\"img\" aria-label=\"maxresdefault\" style=\"background-image: url(&#039;https:\/\/fondoguadalupemusalem.org\/wp-content\/uploads\/2023\/01\/maxresdefault.jpg&#039;)\">\n\n\t\t\t\n\t\t\t\t\t\t\t<div class=\"elementor-custom-embed-play\">\n\t\t\t\t\t<i aria-hidden=\"true\" class=\"eicon-play\"><\/i>\t\t\t\t\t<span class=\"elementor-screen-only\">Play<\/span>\n\t\t\t\t<\/div>\n\t\t\t\t\t<\/div>\n\t\t<\/a>\t\t\t\t\t\t<\/div>\n\t\t\t\t\t\t\t\t\t\t\t<div class=\"swiper-slide\">\n\t\t\t\t\t\t\t<a href=\"http:\/\/fondoguadalupemusalem.org\/wp-content\/uploads\/2023\/01\/DSCN1230.jpg\" data-elementor-open-lightbox=\"yes\" data-elementor-lightbox-slideshow=\"56ddb00\" data-elementor-lightbox-title=\"DSCN1230\" data-e-action-hash=\"#elementor-action%3Aaction%3Dlightbox%26settings%3DeyJpZCI6NDcxNywidXJsIjoiaHR0cHM6XC9cL2ZvbmRvZ3VhZGFsdXBlbXVzYWxlbS5vcmdcL3dwLWNvbnRlbnRcL3VwbG9hZHNcLzIwMjNcLzAxXC9EU0NOMTIzMC5qcGciLCJzbGlkZXNob3ciOiI1NmRkYjAwIn0%3D\" data-elementor-lightbox-video=\"https:\/\/www.youtube.com\/embed\/TYFPCcGXuE0?feature=oembed&amp;autoplay=1&amp;rel=0&amp;controls=0\">\t\t<div class=\"elementor-carousel-image\" role=\"img\" aria-label=\"DSCN1230\" style=\"background-image: url(&#039;https:\/\/fondoguadalupemusalem.org\/wp-content\/uploads\/2023\/01\/DSCN1230.jpg&#039;)\">\n\n\t\t\t\n\t\t\t\t\t\t\t<div class=\"elementor-custom-embed-play\">\n\t\t\t\t\t<i aria-hidden=\"true\" class=\"eicon-play\"><\/i>\t\t\t\t\t<span class=\"elementor-screen-only\">Play<\/span>\n\t\t\t\t<\/div>\n\t\t\t\t\t<\/div>\n\t\t<\/a>\t\t\t\t\t\t<\/div>\n\t\t\t\t\t\t\t\t\t\t\t<div class=\"swiper-slide\">\n\t\t\t\t\t\t\t<a href=\"http:\/\/fondoguadalupemusalem.org\/wp-content\/uploads\/2023\/01\/IMG_7673-scaled.jpg\" data-elementor-open-lightbox=\"yes\" data-elementor-lightbox-slideshow=\"56ddb00\" data-elementor-lightbox-title=\"IMG_7673\" data-e-action-hash=\"#elementor-action%3Aaction%3Dlightbox%26settings%3DeyJpZCI6NDcxOCwidXJsIjoiaHR0cHM6XC9cL2ZvbmRvZ3VhZGFsdXBlbXVzYWxlbS5vcmdcL3dwLWNvbnRlbnRcL3VwbG9hZHNcLzIwMjNcLzAxXC9JTUdfNzY3My1zY2FsZWQuanBnIiwic2xpZGVzaG93IjoiNTZkZGIwMCJ9\" data-elementor-lightbox-video=\"https:\/\/www.youtube.com\/embed\/SC6y0P9lvaA?feature=oembed&amp;autoplay=1&amp;rel=0&amp;controls=0\">\t\t<div class=\"elementor-carousel-image\" role=\"img\" aria-label=\"IMG_7673\" style=\"background-image: url(&#039;https:\/\/fondoguadalupemusalem.org\/wp-content\/uploads\/2023\/01\/IMG_7673-scaled.jpg&#039;)\">\n\n\t\t\t\n\t\t\t\t\t\t\t<div class=\"elementor-custom-embed-play\">\n\t\t\t\t\t<i aria-hidden=\"true\" class=\"eicon-play\"><\/i>\t\t\t\t\t<span class=\"elementor-screen-only\">Play<\/span>\n\t\t\t\t<\/div>\n\t\t\t\t\t<\/div>\n\t\t<\/a>\t\t\t\t\t\t<\/div>\n\t\t\t\t\t\t\t\t\t\t\t<div class=\"swiper-slide\">\n\t\t\t\t\t\t\t<a href=\"http:\/\/fondoguadalupemusalem.org\/wp-content\/uploads\/2023\/01\/Maricela-1.jpg\" data-elementor-open-lightbox=\"yes\" data-elementor-lightbox-slideshow=\"56ddb00\" data-elementor-lightbox-title=\"Maricela\" data-e-action-hash=\"#elementor-action%3Aaction%3Dlightbox%26settings%3DeyJpZCI6NDcyMSwidXJsIjoiaHR0cHM6XC9cL2ZvbmRvZ3VhZGFsdXBlbXVzYWxlbS5vcmdcL3dwLWNvbnRlbnRcL3VwbG9hZHNcLzIwMjNcLzAxXC9NYXJpY2VsYS0xLmpwZyIsInNsaWRlc2hvdyI6IjU2ZGRiMDAifQ%3D%3D\" data-elementor-lightbox-video=\"https:\/\/www.youtube.com\/embed\/Leuet3NWcgY?feature=oembed&amp;autoplay=1&amp;rel=0&amp;controls=0\">\t\t<div class=\"elementor-carousel-image\" role=\"img\" aria-label=\"Maricela\" style=\"background-image: url(&#039;https:\/\/fondoguadalupemusalem.org\/wp-content\/uploads\/2023\/01\/Maricela-1.jpg&#039;)\">\n\n\t\t\t\n\t\t\t\t\t\t\t<div class=\"elementor-custom-embed-play\">\n\t\t\t\t\t<i aria-hidden=\"true\" class=\"eicon-play\"><\/i>\t\t\t\t\t<span class=\"elementor-screen-only\">Play<\/span>\n\t\t\t\t<\/div>\n\t\t\t\t\t<\/div>\n\t\t<\/a>\t\t\t\t\t\t<\/div>\n\t\t\t\t\t\t\t\t\t<\/div>\n\t\t\t\t\t\t\t\t\t\t\t\t\t\t\t<div class=\"swiper-pagination\"><\/div>\n\t\t\t\t\t\t\t\t\t\t\t\t\t\t\t\t<div class=\"elementor-swiper-button elementor-swiper-button-prev\" role=\"button\" tabindex=\"0\">\n\t\t\t\t\t\t\t<i aria-hidden=\"true\" class=\"eicon-chevron-left\"><\/i>\t\t\t\t\t\t\t<span class=\"elementor-screen-only\">Previous<\/span>\n\t\t\t\t\t\t<\/div>\n\t\t\t\t\t\t<div class=\"elementor-swiper-button elementor-swiper-button-next\" role=\"button\" tabindex=\"0\">\n\t\t\t\t\t\t\t<i aria-hidden=\"true\" class=\"eicon-chevron-right\"><\/i>\t\t\t\t\t\t\t<span class=\"elementor-screen-only\">Next<\/span>\n\t\t\t\t\t\t<\/div>\n\t\t\t\t\t\t\t\t\t\t\t\t<\/div>\n\t\t<\/div>\n\t\t\t\t\t\t<\/div>\n\t\t\t\t<\/div>\n\t\t\t\t\t<\/div>\n\t\t<\/div>\n\t\t\t\t\t<\/div>\n\t\t<\/section>\n\t\t\t\t<section class=\"elementor-section elementor-top-section elementor-element elementor-element-7b262d1 elementor-section-boxed elementor-section-height-default elementor-section-height-default\" data-id=\"7b262d1\" data-element_type=\"section\" data-e-type=\"section\" data-settings=\"{&quot;background_background&quot;:&quot;classic&quot;}\">\n\t\t\t\t\t\t<div class=\"elementor-container elementor-column-gap-no\">\n\t\t\t\t\t<div class=\"elementor-column elementor-col-100 elementor-top-column elementor-element elementor-element-f78aec0\" data-id=\"f78aec0\" data-element_type=\"column\" data-e-type=\"column\">\n\t\t\t<div class=\"elementor-widget-wrap elementor-element-populated\">\n\t\t\t\t\t\t<div class=\"elementor-element elementor-element-a961309 elementor-widget-divider--view-line elementor-widget elementor-widget-divider\" data-id=\"a961309\" data-element_type=\"widget\" data-e-type=\"widget\" data-widget_type=\"divider.default\">\n\t\t\t\t<div class=\"elementor-widget-container\">\n\t\t\t\t\t\t\t<div class=\"elementor-divider\">\n\t\t\t<span class=\"elementor-divider-separator\">\n\t\t\t\t\t\t<\/span>\n\t\t<\/div>\n\t\t\t\t\t\t<\/div>\n\t\t\t\t<\/div>\n\t\t\t\t\t<\/div>\n\t\t<\/div>\n\t\t\t\t\t<\/div>\n\t\t<\/section>\n\t\t\t\t<\/div>\n\t\t","protected":false},"excerpt":{"rendered":"<p>Graduadas Las j\u00f3venes graduadas (ex becarias de bachillerato del FGM) se han destacado en distintas \u00e1reas y han sido reconocidas por sus actividades a favor de su comunidad. Tal es el caso de la cineasta y promotora de cine comunitario Luna Mar\u00e1n (La Calenda Audiovisual A.C., Campamento Audiovisual Itinerante, Agenda Guelatao, Cine Too); el de [&hellip;]<\/p>\n","protected":false},"author":1,"featured_media":0,"parent":0,"menu_order":0,"comment_status":"closed","ping_status":"closed","template":"elementor_header_footer","meta":{"give_campaign_id":0,"footnotes":""},"class_list":["post-3827","page","type-page","status-publish","hentry"],"campaignId":"","_links":{"self":[{"href":"https:\/\/fondoguadalupemusalem.org\/index.php\/wp-json\/wp\/v2\/pages\/3827","targetHints":{"allow":["GET"]}}],"collection":[{"href":"https:\/\/fondoguadalupemusalem.org\/index.php\/wp-json\/wp\/v2\/pages"}],"about":[{"href":"https:\/\/fondoguadalupemusalem.org\/index.php\/wp-json\/wp\/v2\/types\/page"}],"author":[{"embeddable":true,"href":"https:\/\/fondoguadalupemusalem.org\/index.php\/wp-json\/wp\/v2\/users\/1"}],"replies":[{"embeddable":true,"href":"https:\/\/fondoguadalupemusalem.org\/index.php\/wp-json\/wp\/v2\/comments?post=3827"}],"version-history":[{"count":49,"href":"https:\/\/fondoguadalupemusalem.org\/index.php\/wp-json\/wp\/v2\/pages\/3827\/revisions"}],"predecessor-version":[{"id":5081,"href":"https:\/\/fondoguadalupemusalem.org\/index.php\/wp-json\/wp\/v2\/pages\/3827\/revisions\/5081"}],"wp:attachment":[{"href":"https:\/\/fondoguadalupemusalem.org\/index.php\/wp-json\/wp\/v2\/media?parent=3827"}],"curies":[{"name":"wp","href":"https:\/\/api.w.org\/{rel}","templated":true}]}}