{"id":3812,"date":"2022-11-14T13:17:14","date_gmt":"2022-11-14T19:17:14","guid":{"rendered":"http:\/\/fondoguadalupemusalem.org\/?page_id=3812"},"modified":"2025-03-24T14:26:12","modified_gmt":"2025-03-24T20:26:12","slug":"tutoras","status":"publish","type":"page","link":"https:\/\/fondoguadalupemusalem.org\/index.php\/tutoras\/","title":{"rendered":"Tutoras"},"content":{"rendered":"\t\t<div data-elementor-type=\"wp-post\" data-elementor-id=\"3812\" class=\"elementor elementor-3812\" data-elementor-post-type=\"page\">\n\t\t\t\t\t\t<section class=\"elementor-section elementor-top-section elementor-element elementor-element-af9f7c7 elementor-section-content-middle elementor-section-boxed elementor-section-height-default elementor-section-height-default\" data-id=\"af9f7c7\" data-element_type=\"section\" data-e-type=\"section\">\n\t\t\t\t\t\t<div class=\"elementor-container elementor-column-gap-no\">\n\t\t\t\t\t<div class=\"elementor-column elementor-col-100 elementor-top-column elementor-element elementor-element-828de51\" data-id=\"828de51\" data-element_type=\"column\" data-e-type=\"column\">\n\t\t\t<div class=\"elementor-widget-wrap elementor-element-populated\">\n\t\t\t\t\t\t<div class=\"elementor-element elementor-element-86a7675 elementor-widget elementor-widget-ova_heading\" data-id=\"86a7675\" data-element_type=\"widget\" data-e-type=\"widget\" data-widget_type=\"ova_heading.default\">\n\t\t\t\t<div class=\"elementor-widget-container\">\n\t\t\t\t\t\t\t<div class=\"ova-heading version_1\">\n\t\t\t\t\t\t\t\t\t\t<h3 class=\"heading-title second_font\">Nuestras Tutoras<\/h3>\n\t\t\t\t\t\t\t\t<\/div>\n\t\t\t\t\t\t<\/div>\n\t\t\t\t<\/div>\n\t\t\t\t<div class=\"elementor-element elementor-element-801514d elementor-widget elementor-widget-text-editor\" data-id=\"801514d\" data-element_type=\"widget\" data-e-type=\"widget\" data-widget_type=\"text-editor.default\">\n\t\t\t\t<div class=\"elementor-widget-container\">\n\t\t\t\t\t\t\t\t\t<p>La tutora realiza una importante labor de acompa\u00f1amiento al manifestar un genuino inter\u00e9s por su becaria.\u00a0 Uno de los aspectos m\u00e1s importantes, pues de ello depende\u00a0 el mantener la beca y la posibilidad de continuar con sus estudios profesionales, es prestar atenci\u00f3n a su desempe\u00f1o escolar y brindar a la becaria aquellas recomendaciones que puedan motivarla a seguir esforz\u00e1ndose por su aprovechamiento acad\u00e9mico.<\/p><p>Tambi\u00e9n puede recomendar lecturas, abordar temas de cultura general, intercambiar puntos de vista sobre el papel de las mujeres, desde un enfoque de equidad de g\u00e9nero, as\u00ed como cualquier otra actividad que apoye el crecimiento personal de la becaria.<\/p><p>Una vez al mes la tutora se re\u00fane con la becaria cuando \u00e9sta viene a la ciudad de Oaxaca a recibir su capacitaci\u00f3n y realizar el cobro de su beca. Este encuentro permite ir construyendo una relaci\u00f3n de cercan\u00eda con la becaria; es la oportunidad de abordar con ella aspectos de su vida familiar, su vida escolar, su trabajo en comunidad, contenidos de las capacitaciones, y la atenci\u00f3n de su salud.<\/p><p>\u00a0<\/p>\t\t\t\t\t\t\t\t<\/div>\n\t\t\t\t<\/div>\n\t\t\t\t\t<\/div>\n\t\t<\/div>\n\t\t\t\t\t<\/div>\n\t\t<\/section>\n\t\t\t\t<section class=\"elementor-section elementor-top-section elementor-element elementor-element-2aa33b9 elementor-section-boxed elementor-section-height-default elementor-section-height-default\" data-id=\"2aa33b9\" data-element_type=\"section\" data-e-type=\"section\">\n\t\t\t\t\t\t<div class=\"elementor-container elementor-column-gap-default\">\n\t\t\t\t\t<div class=\"elementor-column elementor-col-50 elementor-top-column elementor-element elementor-element-d8dac36\" data-id=\"d8dac36\" data-element_type=\"column\" data-e-type=\"column\">\n\t\t\t<div class=\"elementor-widget-wrap elementor-element-populated\">\n\t\t\t\t\t\t<div class=\"elementor-element elementor-element-33c05f0 elementor-widget elementor-widget-image\" data-id=\"33c05f0\" data-element_type=\"widget\" data-e-type=\"widget\" data-widget_type=\"image.default\">\n\t\t\t\t<div class=\"elementor-widget-container\">\n\t\t\t\t\t\t\t\t\t\t\t\t\t\t\t<img fetchpriority=\"high\" decoding=\"async\" width=\"1024\" height=\"768\" src=\"https:\/\/fondoguadalupemusalem.org\/wp-content\/uploads\/2019\/05\/WhatsApp-Image-2024-08-16-at-2.09.01-PM-1024x768.jpeg\" class=\"attachment-large size-large wp-image-5810\" alt=\"\" srcset=\"https:\/\/fondoguadalupemusalem.org\/wp-content\/uploads\/2019\/05\/WhatsApp-Image-2024-08-16-at-2.09.01-PM-1024x768.jpeg 1024w, https:\/\/fondoguadalupemusalem.org\/wp-content\/uploads\/2019\/05\/WhatsApp-Image-2024-08-16-at-2.09.01-PM-300x225.jpeg 300w, https:\/\/fondoguadalupemusalem.org\/wp-content\/uploads\/2019\/05\/WhatsApp-Image-2024-08-16-at-2.09.01-PM-768x576.jpeg 768w, https:\/\/fondoguadalupemusalem.org\/wp-content\/uploads\/2019\/05\/WhatsApp-Image-2024-08-16-at-2.09.01-PM-1536x1152.jpeg 1536w, https:\/\/fondoguadalupemusalem.org\/wp-content\/uploads\/2019\/05\/WhatsApp-Image-2024-08-16-at-2.09.01-PM-600x450.jpeg 600w, https:\/\/fondoguadalupemusalem.org\/wp-content\/uploads\/2019\/05\/WhatsApp-Image-2024-08-16-at-2.09.01-PM.jpeg 1600w\" sizes=\"(max-width: 1024px) 100vw, 1024px\" \/>\t\t\t\t\t\t\t\t\t\t\t\t\t\t\t<\/div>\n\t\t\t\t<\/div>\n\t\t\t\t<div class=\"elementor-element elementor-element-df75f3a elementor-widget elementor-widget-image\" data-id=\"df75f3a\" data-element_type=\"widget\" data-e-type=\"widget\" data-widget_type=\"image.default\">\n\t\t\t\t<div class=\"elementor-widget-container\">\n\t\t\t\t\t\t\t\t\t\t\t\t\t\t\t<img decoding=\"async\" width=\"1024\" height=\"768\" src=\"https:\/\/fondoguadalupemusalem.org\/wp-content\/uploads\/2025\/03\/WhatsApp-Image-2024-08-16-at-4.46.58-PM-1024x768.jpeg\" class=\"attachment-large size-large wp-image-5811\" alt=\"\" srcset=\"https:\/\/fondoguadalupemusalem.org\/wp-content\/uploads\/2025\/03\/WhatsApp-Image-2024-08-16-at-4.46.58-PM-1024x768.jpeg 1024w, https:\/\/fondoguadalupemusalem.org\/wp-content\/uploads\/2025\/03\/WhatsApp-Image-2024-08-16-at-4.46.58-PM-300x225.jpeg 300w, https:\/\/fondoguadalupemusalem.org\/wp-content\/uploads\/2025\/03\/WhatsApp-Image-2024-08-16-at-4.46.58-PM-768x576.jpeg 768w, https:\/\/fondoguadalupemusalem.org\/wp-content\/uploads\/2025\/03\/WhatsApp-Image-2024-08-16-at-4.46.58-PM-1536x1152.jpeg 1536w, https:\/\/fondoguadalupemusalem.org\/wp-content\/uploads\/2025\/03\/WhatsApp-Image-2024-08-16-at-4.46.58-PM-600x450.jpeg 600w, https:\/\/fondoguadalupemusalem.org\/wp-content\/uploads\/2025\/03\/WhatsApp-Image-2024-08-16-at-4.46.58-PM.jpeg 1600w\" sizes=\"(max-width: 1024px) 100vw, 1024px\" \/>\t\t\t\t\t\t\t\t\t\t\t\t\t\t\t<\/div>\n\t\t\t\t<\/div>\n\t\t\t\t\t<\/div>\n\t\t<\/div>\n\t\t\t\t<div class=\"elementor-column elementor-col-50 elementor-top-column elementor-element elementor-element-11289f5\" data-id=\"11289f5\" data-element_type=\"column\" data-e-type=\"column\">\n\t\t\t<div class=\"elementor-widget-wrap elementor-element-populated\">\n\t\t\t\t\t\t<div class=\"elementor-element elementor-element-dfd9609 elementor-widget elementor-widget-image\" data-id=\"dfd9609\" data-element_type=\"widget\" data-e-type=\"widget\" data-widget_type=\"image.default\">\n\t\t\t\t<div class=\"elementor-widget-container\">\n\t\t\t\t\t\t\t\t\t\t\t\t\t\t\t<img decoding=\"async\" width=\"1024\" height=\"768\" src=\"https:\/\/fondoguadalupemusalem.org\/wp-content\/uploads\/2025\/03\/WhatsApp-Image-2024-10-11-at-9.23.15-PM-1024x768.jpeg\" class=\"attachment-large size-large wp-image-5812\" alt=\"\" srcset=\"https:\/\/fondoguadalupemusalem.org\/wp-content\/uploads\/2025\/03\/WhatsApp-Image-2024-10-11-at-9.23.15-PM-1024x768.jpeg 1024w, https:\/\/fondoguadalupemusalem.org\/wp-content\/uploads\/2025\/03\/WhatsApp-Image-2024-10-11-at-9.23.15-PM-300x225.jpeg 300w, https:\/\/fondoguadalupemusalem.org\/wp-content\/uploads\/2025\/03\/WhatsApp-Image-2024-10-11-at-9.23.15-PM-768x576.jpeg 768w, https:\/\/fondoguadalupemusalem.org\/wp-content\/uploads\/2025\/03\/WhatsApp-Image-2024-10-11-at-9.23.15-PM-1536x1152.jpeg 1536w, https:\/\/fondoguadalupemusalem.org\/wp-content\/uploads\/2025\/03\/WhatsApp-Image-2024-10-11-at-9.23.15-PM-600x450.jpeg 600w, https:\/\/fondoguadalupemusalem.org\/wp-content\/uploads\/2025\/03\/WhatsApp-Image-2024-10-11-at-9.23.15-PM.jpeg 1600w\" sizes=\"(max-width: 1024px) 100vw, 1024px\" \/>\t\t\t\t\t\t\t\t\t\t\t\t\t\t\t<\/div>\n\t\t\t\t<\/div>\n\t\t\t\t<div class=\"elementor-element elementor-element-aa86b6b elementor-widget__width-initial elementor-widget elementor-widget-image\" data-id=\"aa86b6b\" data-element_type=\"widget\" data-e-type=\"widget\" data-widget_type=\"image.default\">\n\t\t\t\t<div class=\"elementor-widget-container\">\n\t\t\t\t\t\t\t\t\t\t\t\t\t\t\t<img loading=\"lazy\" decoding=\"async\" width=\"1024\" height=\"682\" src=\"https:\/\/fondoguadalupemusalem.org\/wp-content\/uploads\/2025\/03\/WhatsApp-Image-2024-09-18-at-3.34.32-PM-1024x682.jpeg\" class=\"attachment-large size-large wp-image-5814\" alt=\"\" srcset=\"https:\/\/fondoguadalupemusalem.org\/wp-content\/uploads\/2025\/03\/WhatsApp-Image-2024-09-18-at-3.34.32-PM-1024x682.jpeg 1024w, https:\/\/fondoguadalupemusalem.org\/wp-content\/uploads\/2025\/03\/WhatsApp-Image-2024-09-18-at-3.34.32-PM-300x200.jpeg 300w, https:\/\/fondoguadalupemusalem.org\/wp-content\/uploads\/2025\/03\/WhatsApp-Image-2024-09-18-at-3.34.32-PM-768x512.jpeg 768w, https:\/\/fondoguadalupemusalem.org\/wp-content\/uploads\/2025\/03\/WhatsApp-Image-2024-09-18-at-3.34.32-PM-600x400.jpeg 600w, https:\/\/fondoguadalupemusalem.org\/wp-content\/uploads\/2025\/03\/WhatsApp-Image-2024-09-18-at-3.34.32-PM.jpeg 1280w\" sizes=\"(max-width: 1024px) 100vw, 1024px\" \/>\t\t\t\t\t\t\t\t\t\t\t\t\t\t\t<\/div>\n\t\t\t\t<\/div>\n\t\t\t\t\t<\/div>\n\t\t<\/div>\n\t\t\t\t\t<\/div>\n\t\t<\/section>\n\t\t\t\t<\/div>\n\t\t","protected":false},"excerpt":{"rendered":"<p>Nuestras Tutoras La tutora realiza una importante labor de acompa\u00f1amiento al manifestar un genuino inter\u00e9s por su becaria.\u00a0 Uno de los aspectos m\u00e1s importantes, pues de ello depende\u00a0 el mantener la beca y la posibilidad de continuar con sus estudios profesionales, es prestar atenci\u00f3n a su desempe\u00f1o escolar y brindar a la becaria aquellas recomendaciones [&hellip;]<\/p>\n","protected":false},"author":1,"featured_media":0,"parent":0,"menu_order":0,"comment_status":"closed","ping_status":"closed","template":"elementor_header_footer","meta":{"give_campaign_id":0,"footnotes":""},"class_list":["post-3812","page","type-page","status-publish","hentry"],"campaignId":"","_links":{"self":[{"href":"https:\/\/fondoguadalupemusalem.org\/index.php\/wp-json\/wp\/v2\/pages\/3812","targetHints":{"allow":["GET"]}}],"collection":[{"href":"https:\/\/fondoguadalupemusalem.org\/index.php\/wp-json\/wp\/v2\/pages"}],"about":[{"href":"https:\/\/fondoguadalupemusalem.org\/index.php\/wp-json\/wp\/v2\/types\/page"}],"author":[{"embeddable":true,"href":"https:\/\/fondoguadalupemusalem.org\/index.php\/wp-json\/wp\/v2\/users\/1"}],"replies":[{"embeddable":true,"href":"https:\/\/fondoguadalupemusalem.org\/index.php\/wp-json\/wp\/v2\/comments?post=3812"}],"version-history":[{"count":37,"href":"https:\/\/fondoguadalupemusalem.org\/index.php\/wp-json\/wp\/v2\/pages\/3812\/revisions"}],"predecessor-version":[{"id":5817,"href":"https:\/\/fondoguadalupemusalem.org\/index.php\/wp-json\/wp\/v2\/pages\/3812\/revisions\/5817"}],"wp:attachment":[{"href":"https:\/\/fondoguadalupemusalem.org\/index.php\/wp-json\/wp\/v2\/media?parent=3812"}],"curies":[{"name":"wp","href":"https:\/\/api.w.org\/{rel}","templated":true}]}}