{"id":3801,"date":"2022-11-14T13:00:39","date_gmt":"2022-11-14T19:00:39","guid":{"rendered":"http:\/\/fondoguadalupemusalem.org\/?page_id=3801"},"modified":"2026-01-27T10:44:23","modified_gmt":"2026-01-27T16:44:23","slug":"acciones","status":"publish","type":"page","link":"https:\/\/fondoguadalupemusalem.org\/index.php\/acciones\/","title":{"rendered":"Acciones"},"content":{"rendered":"\t\t<div data-elementor-type=\"wp-post\" data-elementor-id=\"3801\" class=\"elementor elementor-3801\" data-elementor-post-type=\"page\">\n\t\t\t\t\t\t<section class=\"elementor-section elementor-top-section elementor-element elementor-element-af9f7c7 elementor-section-content-middle elementor-section-boxed elementor-section-height-default elementor-section-height-default\" data-id=\"af9f7c7\" data-element_type=\"section\" data-e-type=\"section\">\n\t\t\t\t\t\t<div class=\"elementor-container elementor-column-gap-no\">\n\t\t\t\t\t<div class=\"elementor-column elementor-col-100 elementor-top-column elementor-element elementor-element-828de51\" data-id=\"828de51\" data-element_type=\"column\" data-e-type=\"column\">\n\t\t\t<div class=\"elementor-widget-wrap elementor-element-populated\">\n\t\t\t\t\t\t<div class=\"elementor-element elementor-element-86a7675 elementor-widget elementor-widget-ova_heading\" data-id=\"86a7675\" data-element_type=\"widget\" data-e-type=\"widget\" data-widget_type=\"ova_heading.default\">\n\t\t\t\t<div class=\"elementor-widget-container\">\n\t\t\t\t\t\t\t<div class=\"ova-heading version_1\">\n\t\t\t\t\t\t\t\t\t\t<h3 class=\"heading-title second_font\">Nuestras Acciones<\/h3>\n\t\t\t\t\t\t\t\t\t\t<div class=\"content\">\n\t\t\t\t\t<p>Adem\u00e1s del apoyo econ\u00f3mico mensual, las j\u00f3venes becarias tienen la oportunidad de ser fortalecidas en diversos temas como:<\/p>\t\t\t\t<\/div>\n\t\t\t\t\t<\/div>\n\t\t\t\t\t\t<\/div>\n\t\t\t\t<\/div>\n\t\t\t\t<section class=\"elementor-section elementor-inner-section elementor-element elementor-element-0166b2c elementor-section-boxed elementor-section-height-default elementor-section-height-default\" data-id=\"0166b2c\" data-element_type=\"section\" data-e-type=\"section\">\n\t\t\t\t\t\t<div class=\"elementor-container elementor-column-gap-default\">\n\t\t\t\t\t<div class=\"elementor-column elementor-col-50 elementor-inner-column elementor-element elementor-element-00f577f\" data-id=\"00f577f\" data-element_type=\"column\" data-e-type=\"column\">\n\t\t\t<div class=\"elementor-widget-wrap elementor-element-populated\">\n\t\t\t\t\t\t<div class=\"elementor-element elementor-element-d4bb0ee elementor-widget elementor-widget-image-box\" data-id=\"d4bb0ee\" data-element_type=\"widget\" data-e-type=\"widget\" data-widget_type=\"image-box.default\">\n\t\t\t\t<div class=\"elementor-widget-container\">\n\t\t\t\t\t<div class=\"elementor-image-box-wrapper\"><div class=\"elementor-image-box-content\"><h2 class=\"elementor-image-box-title\">Formaci\u00f3n Integral<\/h2><p class=\"elementor-image-box-description\">En el Fondo Guadalupe Musalem, el programa de formaci\u00f3n integral se conforma por ejes modulares: Autocuidado f\u00edsico y emocional,\nCuerpo y sexualidad, G\u00e9nero y prevenci\u00f3n de la violencia, Liderazgo eInterculturalidad\n\nEstos ejes fortalecen el aprendizaje, la participaci\u00f3n y el crecimiento personal y colectivo de las becarias, con la finalidad de contribuir en su proceso de empoderamiento y liderazgo, adem\u00e1s de que pueden ser agentes de cambio a nivel personal, familiar y comunitario, contribuyendo a la generaci\u00f3n de estrategias que favorezcan relaciones sociales m\u00e1s justas y equitativas.<\/p><\/div><\/div>\t\t\t\t<\/div>\n\t\t\t\t<\/div>\n\t\t\t\t\t<\/div>\n\t\t<\/div>\n\t\t\t\t<div class=\"elementor-column elementor-col-50 elementor-inner-column elementor-element elementor-element-b68a944\" data-id=\"b68a944\" data-element_type=\"column\" data-e-type=\"column\">\n\t\t\t<div class=\"elementor-widget-wrap elementor-element-populated\">\n\t\t\t\t\t\t<div class=\"elementor-element elementor-element-7909df2 elementor-widget elementor-widget-image\" data-id=\"7909df2\" data-element_type=\"widget\" data-e-type=\"widget\" data-widget_type=\"image.default\">\n\t\t\t\t<div class=\"elementor-widget-container\">\n\t\t\t\t\t\t\t\t\t\t\t\t\t\t\t<img fetchpriority=\"high\" decoding=\"async\" width=\"1024\" height=\"575\" src=\"https:\/\/fondoguadalupemusalem.org\/wp-content\/uploads\/2026\/01\/IMG_1792-1024x575.jpg\" class=\"attachment-large size-large wp-image-5979\" alt=\"\" srcset=\"https:\/\/fondoguadalupemusalem.org\/wp-content\/uploads\/2026\/01\/IMG_1792-1024x575.jpg 1024w, https:\/\/fondoguadalupemusalem.org\/wp-content\/uploads\/2026\/01\/IMG_1792-300x168.jpg 300w, https:\/\/fondoguadalupemusalem.org\/wp-content\/uploads\/2026\/01\/IMG_1792-768x431.jpg 768w, https:\/\/fondoguadalupemusalem.org\/wp-content\/uploads\/2026\/01\/IMG_1792-1536x862.jpg 1536w, https:\/\/fondoguadalupemusalem.org\/wp-content\/uploads\/2026\/01\/IMG_1792-2048x1150.jpg 2048w, https:\/\/fondoguadalupemusalem.org\/wp-content\/uploads\/2026\/01\/IMG_1792-600x337.jpg 600w\" sizes=\"(max-width: 1024px) 100vw, 1024px\" \/>\t\t\t\t\t\t\t\t\t\t\t\t\t\t\t<\/div>\n\t\t\t\t<\/div>\n\t\t\t\t\t<\/div>\n\t\t<\/div>\n\t\t\t\t\t<\/div>\n\t\t<\/section>\n\t\t\t\t\t<\/div>\n\t\t<\/div>\n\t\t\t\t\t<\/div>\n\t\t<\/section>\n\t\t\t\t<section class=\"elementor-section elementor-top-section elementor-element elementor-element-b4ca65b elementor-section-boxed elementor-section-height-default elementor-section-height-default\" data-id=\"b4ca65b\" data-element_type=\"section\" data-e-type=\"section\">\n\t\t\t\t\t\t<div class=\"elementor-container elementor-column-gap-default\">\n\t\t\t\t\t<div class=\"elementor-column elementor-col-66 elementor-top-column elementor-element elementor-element-5e04b48\" data-id=\"5e04b48\" data-element_type=\"column\" data-e-type=\"column\">\n\t\t\t<div class=\"elementor-widget-wrap elementor-element-populated\">\n\t\t\t\t\t\t<div class=\"elementor-element elementor-element-1b20c3d elementor-widget__width-initial elementor-widget elementor-widget-image\" data-id=\"1b20c3d\" data-element_type=\"widget\" data-e-type=\"widget\" data-widget_type=\"image.default\">\n\t\t\t\t<div class=\"elementor-widget-container\">\n\t\t\t\t\t\t\t\t\t\t\t\t\t\t\t<img decoding=\"async\" width=\"1024\" height=\"575\" src=\"https:\/\/fondoguadalupemusalem.org\/wp-content\/uploads\/2026\/01\/IMG_1008-1024x575.jpg\" class=\"attachment-large size-large wp-image-5975\" alt=\"\" srcset=\"https:\/\/fondoguadalupemusalem.org\/wp-content\/uploads\/2026\/01\/IMG_1008-1024x575.jpg 1024w, https:\/\/fondoguadalupemusalem.org\/wp-content\/uploads\/2026\/01\/IMG_1008-300x168.jpg 300w, https:\/\/fondoguadalupemusalem.org\/wp-content\/uploads\/2026\/01\/IMG_1008-768x431.jpg 768w, https:\/\/fondoguadalupemusalem.org\/wp-content\/uploads\/2026\/01\/IMG_1008-1536x862.jpg 1536w, https:\/\/fondoguadalupemusalem.org\/wp-content\/uploads\/2026\/01\/IMG_1008-2048x1150.jpg 2048w, https:\/\/fondoguadalupemusalem.org\/wp-content\/uploads\/2026\/01\/IMG_1008-600x337.jpg 600w\" sizes=\"(max-width: 1024px) 100vw, 1024px\" \/>\t\t\t\t\t\t\t\t\t\t\t\t\t\t\t<\/div>\n\t\t\t\t<\/div>\n\t\t\t\t\t<\/div>\n\t\t<\/div>\n\t\t\t\t<div class=\"elementor-column elementor-col-33 elementor-top-column elementor-element elementor-element-9851b57\" data-id=\"9851b57\" data-element_type=\"column\" data-e-type=\"column\">\n\t\t\t<div class=\"elementor-widget-wrap elementor-element-populated\">\n\t\t\t\t\t\t<div class=\"elementor-element elementor-element-887291f elementor-widget elementor-widget-image-box\" data-id=\"887291f\" data-element_type=\"widget\" data-e-type=\"widget\" data-widget_type=\"image-box.default\">\n\t\t\t\t<div class=\"elementor-widget-container\">\n\t\t\t\t\t<div class=\"elementor-image-box-wrapper\"><div class=\"elementor-image-box-content\"><h2 class=\"elementor-image-box-title\"><br><br>Seguimiento m\u00e9dico y psicol\u00f3gico<\/h2><p class=\"elementor-image-box-description\">Con el objetivo de que las j\u00f3venes tengan una salud adecuada, el Fondo Guadalupe Musalem A.C., les proporciona servicios m\u00e9dicos gratuitos a las becarias gracias al apoyo de aliadas y aliados generosos. De igual forma se les brinda tratamiento psicol\u00f3gico personalizado a quienes lo requieren.\n\n\n<\/p><\/div><\/div>\t\t\t\t<\/div>\n\t\t\t\t<\/div>\n\t\t\t\t\t<\/div>\n\t\t<\/div>\n\t\t\t\t\t<\/div>\n\t\t<\/section>\n\t\t\t\t<section class=\"elementor-section elementor-top-section elementor-element elementor-element-9172b0a elementor-section-boxed elementor-section-height-default elementor-section-height-default\" data-id=\"9172b0a\" data-element_type=\"section\" data-e-type=\"section\">\n\t\t\t\t\t\t<div class=\"elementor-container elementor-column-gap-default\">\n\t\t\t\t\t<div class=\"elementor-column elementor-col-50 elementor-top-column elementor-element elementor-element-f55c41f\" data-id=\"f55c41f\" data-element_type=\"column\" data-e-type=\"column\">\n\t\t\t<div class=\"elementor-widget-wrap elementor-element-populated\">\n\t\t\t\t\t\t<div class=\"elementor-element elementor-element-d8d6a23 elementor-widget elementor-widget-image-box\" data-id=\"d8d6a23\" data-element_type=\"widget\" data-e-type=\"widget\" data-widget_type=\"image-box.default\">\n\t\t\t\t<div class=\"elementor-widget-container\">\n\t\t\t\t\t<div class=\"elementor-image-box-wrapper\"><div class=\"elementor-image-box-content\"><h2 class=\"elementor-image-box-title\"><br><br>Campamento<\/h2><p class=\"elementor-image-box-description\">Anualmente se realizan dos campamentos para las becarias de bachillerato, cada uno con una duraci\u00f3n de una semana, en donde se les capacita en temas de Derechos Humanos, g\u00e9nero, salud f\u00edsica y emocional, interculturalidad, educaci\u00f3n financiera, etc.<\/p><\/div><\/div>\t\t\t\t<\/div>\n\t\t\t\t<\/div>\n\t\t\t\t\t<\/div>\n\t\t<\/div>\n\t\t\t\t<div class=\"elementor-column elementor-col-50 elementor-top-column elementor-element elementor-element-e15cacd\" data-id=\"e15cacd\" data-element_type=\"column\" data-e-type=\"column\">\n\t\t\t<div class=\"elementor-widget-wrap elementor-element-populated\">\n\t\t\t\t\t\t<div class=\"elementor-element elementor-element-39defc3 elementor-widget elementor-widget-image\" data-id=\"39defc3\" data-element_type=\"widget\" data-e-type=\"widget\" data-widget_type=\"image.default\">\n\t\t\t\t<div class=\"elementor-widget-container\">\n\t\t\t\t\t\t\t\t\t\t\t\t\t\t\t<img decoding=\"async\" width=\"1024\" height=\"576\" src=\"https:\/\/fondoguadalupemusalem.org\/wp-content\/uploads\/2026\/01\/IMG_0429-1024x576.jpg\" class=\"attachment-large size-large wp-image-5976\" alt=\"\" srcset=\"https:\/\/fondoguadalupemusalem.org\/wp-content\/uploads\/2026\/01\/IMG_0429-1024x576.jpg 1024w, https:\/\/fondoguadalupemusalem.org\/wp-content\/uploads\/2026\/01\/IMG_0429-300x169.jpg 300w, https:\/\/fondoguadalupemusalem.org\/wp-content\/uploads\/2026\/01\/IMG_0429-768x432.jpg 768w, https:\/\/fondoguadalupemusalem.org\/wp-content\/uploads\/2026\/01\/IMG_0429-1536x864.jpg 1536w, https:\/\/fondoguadalupemusalem.org\/wp-content\/uploads\/2026\/01\/IMG_0429-2048x1151.jpg 2048w, https:\/\/fondoguadalupemusalem.org\/wp-content\/uploads\/2026\/01\/IMG_0429-600x337.jpg 600w\" sizes=\"(max-width: 1024px) 100vw, 1024px\" \/>\t\t\t\t\t\t\t\t\t\t\t\t\t\t\t<\/div>\n\t\t\t\t<\/div>\n\t\t\t\t\t<\/div>\n\t\t<\/div>\n\t\t\t\t\t<\/div>\n\t\t<\/section>\n\t\t\t\t<section class=\"elementor-section elementor-top-section elementor-element elementor-element-82fa425 elementor-section-boxed elementor-section-height-default elementor-section-height-default\" data-id=\"82fa425\" data-element_type=\"section\" data-e-type=\"section\">\n\t\t\t\t\t\t<div class=\"elementor-container elementor-column-gap-default\">\n\t\t\t\t\t<div class=\"elementor-column elementor-col-50 elementor-top-column elementor-element elementor-element-79e856a\" data-id=\"79e856a\" data-element_type=\"column\" data-e-type=\"column\">\n\t\t\t<div class=\"elementor-widget-wrap elementor-element-populated\">\n\t\t\t\t\t\t<div class=\"elementor-element elementor-element-1908e5e elementor-widget elementor-widget-image\" data-id=\"1908e5e\" data-element_type=\"widget\" data-e-type=\"widget\" data-widget_type=\"image.default\">\n\t\t\t\t<div class=\"elementor-widget-container\">\n\t\t\t\t\t\t\t\t\t\t\t\t\t\t\t<img loading=\"lazy\" decoding=\"async\" width=\"1024\" height=\"575\" src=\"https:\/\/fondoguadalupemusalem.org\/wp-content\/uploads\/2026\/01\/IMG_1941-1024x575.jpg\" class=\"attachment-large size-large wp-image-5978\" alt=\"\" srcset=\"https:\/\/fondoguadalupemusalem.org\/wp-content\/uploads\/2026\/01\/IMG_1941-1024x575.jpg 1024w, https:\/\/fondoguadalupemusalem.org\/wp-content\/uploads\/2026\/01\/IMG_1941-300x168.jpg 300w, https:\/\/fondoguadalupemusalem.org\/wp-content\/uploads\/2026\/01\/IMG_1941-768x431.jpg 768w, https:\/\/fondoguadalupemusalem.org\/wp-content\/uploads\/2026\/01\/IMG_1941-1536x862.jpg 1536w, https:\/\/fondoguadalupemusalem.org\/wp-content\/uploads\/2026\/01\/IMG_1941-2048x1150.jpg 2048w, https:\/\/fondoguadalupemusalem.org\/wp-content\/uploads\/2026\/01\/IMG_1941-600x337.jpg 600w\" sizes=\"(max-width: 1024px) 100vw, 1024px\" \/>\t\t\t\t\t\t\t\t\t\t\t\t\t\t\t<\/div>\n\t\t\t\t<\/div>\n\t\t\t\t\t<\/div>\n\t\t<\/div>\n\t\t\t\t<div class=\"elementor-column elementor-col-50 elementor-top-column elementor-element elementor-element-bdd139a\" data-id=\"bdd139a\" data-element_type=\"column\" data-e-type=\"column\">\n\t\t\t<div class=\"elementor-widget-wrap elementor-element-populated\">\n\t\t\t\t\t\t<div class=\"elementor-element elementor-element-87502b9 elementor-widget elementor-widget-image-box\" data-id=\"87502b9\" data-element_type=\"widget\" data-e-type=\"widget\" data-widget_type=\"image-box.default\">\n\t\t\t\t<div class=\"elementor-widget-container\">\n\t\t\t\t\t<div class=\"elementor-image-box-wrapper\"><div class=\"elementor-image-box-content\"><h3 class=\"elementor-image-box-title\">Fortalecimiento Acad\u00e9mico<\/h3><p class=\"elementor-image-box-description\">Es un seguimiento cercano, personalizado y continuo a lo largo de su trayectoria educativa. A trav\u00e9s de este programa, fortalecemos sus procesos de aprendizaje, autonom\u00eda y permanencia escolar, al mismo tiempo que ofrecemos orientaci\u00f3n, contenci\u00f3n y herramientas que les permiten enfrentar los retos acad\u00e9micos y personales desde una perspectiva de derechos, cuidado y confianza en sus propias capacidades.<\/p><\/div><\/div>\t\t\t\t<\/div>\n\t\t\t\t<\/div>\n\t\t\t\t\t<\/div>\n\t\t<\/div>\n\t\t\t\t\t<\/div>\n\t\t<\/section>\n\t\t\t\t<\/div>\n\t\t","protected":false},"excerpt":{"rendered":"<p>Nuestras Acciones Adem\u00e1s del apoyo econ\u00f3mico mensual, las j\u00f3venes becarias tienen la oportunidad de ser fortalecidas en diversos temas como: Formaci\u00f3n Integral En el Fondo Guadalupe Musalem, el programa de formaci\u00f3n integral se conforma por ejes modulares: Autocuidado f\u00edsico y emocional, Cuerpo y sexualidad, G\u00e9nero y prevenci\u00f3n de la violencia, Liderazgo eInterculturalidad Estos ejes fortalecen [&hellip;]<\/p>\n","protected":false},"author":1,"featured_media":0,"parent":0,"menu_order":0,"comment_status":"closed","ping_status":"closed","template":"elementor_header_footer","meta":{"give_campaign_id":0,"footnotes":""},"class_list":["post-3801","page","type-page","status-publish","hentry"],"campaignId":"","_links":{"self":[{"href":"https:\/\/fondoguadalupemusalem.org\/index.php\/wp-json\/wp\/v2\/pages\/3801","targetHints":{"allow":["GET"]}}],"collection":[{"href":"https:\/\/fondoguadalupemusalem.org\/index.php\/wp-json\/wp\/v2\/pages"}],"about":[{"href":"https:\/\/fondoguadalupemusalem.org\/index.php\/wp-json\/wp\/v2\/types\/page"}],"author":[{"embeddable":true,"href":"https:\/\/fondoguadalupemusalem.org\/index.php\/wp-json\/wp\/v2\/users\/1"}],"replies":[{"embeddable":true,"href":"https:\/\/fondoguadalupemusalem.org\/index.php\/wp-json\/wp\/v2\/comments?post=3801"}],"version-history":[{"count":28,"href":"https:\/\/fondoguadalupemusalem.org\/index.php\/wp-json\/wp\/v2\/pages\/3801\/revisions"}],"predecessor-version":[{"id":5982,"href":"https:\/\/fondoguadalupemusalem.org\/index.php\/wp-json\/wp\/v2\/pages\/3801\/revisions\/5982"}],"wp:attachment":[{"href":"https:\/\/fondoguadalupemusalem.org\/index.php\/wp-json\/wp\/v2\/media?parent=3801"}],"curies":[{"name":"wp","href":"https:\/\/api.w.org\/{rel}","templated":true}]}}