{"id":1957,"date":"2019-05-07T03:15:28","date_gmt":"2019-05-07T08:15:28","guid":{"rendered":"https:\/\/demo.ovatheme.com\/charihope\/?page_id=1957"},"modified":"2023-02-14T13:11:14","modified_gmt":"2023-02-14T19:11:14","slug":"contactanos","status":"publish","type":"page","link":"https:\/\/fondoguadalupemusalem.org\/index.php\/contactanos\/","title":{"rendered":"Cont\u00e1ctanos"},"content":{"rendered":"\t\t<div data-elementor-type=\"wp-post\" data-elementor-id=\"1957\" class=\"elementor elementor-1957\" data-elementor-post-type=\"page\">\n\t\t\t\t\t\t<section class=\"elementor-section elementor-top-section elementor-element elementor-element-11ef617 elementor-section-boxed elementor-section-height-default elementor-section-height-default\" data-id=\"11ef617\" data-element_type=\"section\" data-e-type=\"section\">\n\t\t\t\t\t\t<div class=\"elementor-container elementor-column-gap-default\">\n\t\t\t\t\t<div class=\"elementor-column elementor-col-100 elementor-top-column elementor-element elementor-element-d3215dd\" data-id=\"d3215dd\" data-element_type=\"column\" data-e-type=\"column\">\n\t\t\t<div class=\"elementor-widget-wrap elementor-element-populated\">\n\t\t\t\t\t\t<section class=\"elementor-section elementor-inner-section elementor-element elementor-element-225ba56 elementor-section-boxed elementor-section-height-default elementor-section-height-default\" data-id=\"225ba56\" data-element_type=\"section\" data-e-type=\"section\">\n\t\t\t\t\t\t<div class=\"elementor-container elementor-column-gap-default\">\n\t\t\t\t\t<div class=\"elementor-column elementor-col-50 elementor-inner-column elementor-element elementor-element-3cb8c7d\" data-id=\"3cb8c7d\" data-element_type=\"column\" data-e-type=\"column\">\n\t\t\t<div class=\"elementor-widget-wrap elementor-element-populated\">\n\t\t\t\t\t\t<div class=\"elementor-element elementor-element-8410568 elementor-widget elementor-widget-ova_heading\" data-id=\"8410568\" data-element_type=\"widget\" data-e-type=\"widget\" data-widget_type=\"ova_heading.default\">\n\t\t\t\t<div class=\"elementor-widget-container\">\n\t\t\t\t\t\t\t<div class=\"ova-heading version_1\">\n\t\t\t\t\t\t\t\t\t\t<h3 class=\"heading-title second_font\">Ponte en contacto<\/h3>\n\t\t\t\t\t\t\t\t\t\t<div class=\"content\">\n\t\t\t\t\t<p>S\u00e9 parte de este gran proyecto.<\/p>\t\t\t\t<\/div>\n\t\t\t\t\t<\/div>\n\t\t\t\t\t\t<\/div>\n\t\t\t\t<\/div>\n\t\t\t\t<div class=\"elementor-element elementor-element-7a20d20 elementor-widget elementor-widget-ova_contact\" data-id=\"7a20d20\" data-element_type=\"widget\" data-e-type=\"widget\" data-widget_type=\"ova_contact.default\">\n\t\t\t\t<div class=\"elementor-widget-container\">\n\t\t\t\t\t\t\t<div class=\"ova-contact version_2\">\n\t\t\t\t\t\t\t<div class=\"icon\">\n\t\t\t\t\t<i class=\"flaticon-facebook-placeholder-for-locate-places-on-maps\"><\/i>\n\t\t\t\t<\/div>\n\t\t\t\t\t\t\t\t\t\t<h3 class=\"title\">Address Location<\/h3>\n\t\t\t\t\t\t\t\t\t\t\t\t\t\t\t<p  class=\"sub-title\">2da priv. de Orqu\u00eddeas 103, Las Flores, Sta. Ma. Ixcotel, Sta. Luc\u00eda del Camino, Oax.<\/p>\n\t\t\t\t\t\t\t\t\t<\/div>\n\t\t\t\t\t\t<\/div>\n\t\t\t\t<\/div>\n\t\t\t\t<div class=\"elementor-element elementor-element-e834b5a elementor-widget elementor-widget-ova_contact\" data-id=\"e834b5a\" data-element_type=\"widget\" data-e-type=\"widget\" data-widget_type=\"ova_contact.default\">\n\t\t\t\t<div class=\"elementor-widget-container\">\n\t\t\t\t\t\t\t<div class=\"ova-contact version_2\">\n\t\t\t\t\t\t\t<div class=\"icon\">\n\t\t\t\t\t<i class=\"fa fa-envelope\"><\/i>\n\t\t\t\t<\/div>\n\t\t\t\t\t\t\t\t\t\t<h3 class=\"title\">Address Location<\/h3>\n\t\t\t\t\t\t\t\t\t\t\t\t\t\t\t<a href='mailto:coordinacion@fondoguadalupemusalem.org' class=\"sub-title\">coordinacion@fondoguadalupemusalem.org<\/a>\n\t\t\t\t\t\t\t\t\t<\/div>\n\t\t\t\t\t\t<\/div>\n\t\t\t\t<\/div>\n\t\t\t\t<div class=\"elementor-element elementor-element-3c4d4f5 elementor-widget elementor-widget-ova_contact\" data-id=\"3c4d4f5\" data-element_type=\"widget\" data-e-type=\"widget\" data-widget_type=\"ova_contact.default\">\n\t\t\t\t<div class=\"elementor-widget-container\">\n\t\t\t\t\t\t\t<div class=\"ova-contact version_2\">\n\t\t\t\t\t\t\t<div class=\"icon\">\n\t\t\t\t\t<i class=\"fa fa-phone\"><\/i>\n\t\t\t\t<\/div>\n\t\t\t\t\t\t\t\t\t\t<h3 class=\"title\">Address Location<\/h3>\n\t\t\t\t\t\t\t\t\t\t\t\t\t\t\t<a href='tel:+52 951 51 4 69 27' class=\"sub-title\">+52 951 51 4 69 27<\/a>\n\t\t\t\t\t\t\t\t\t<\/div>\n\t\t\t\t\t\t<\/div>\n\t\t\t\t<\/div>\n\t\t\t\t<div class=\"elementor-element elementor-element-ab7d62f elementor-widget elementor-widget-ova_social\" data-id=\"ab7d62f\" data-element_type=\"widget\" data-e-type=\"widget\" data-widget_type=\"ova_social.default\">\n\t\t\t\t<div class=\"elementor-widget-container\">\n\t\t\t\t\t\t\t<div class=\"ova_social ova-framework-social-icons-wrapper\">\n\t\t\t<div class=\"content\">\n\t\t\t\t\n\t\t\t\t\t\t\t\t\t\t<a class=\"ova-framework-icon ova-framework-social-icon ova-framework-social-icon-facebook\" style=\" color: #666666; background-color: #e5e5e5\" href=\"https:\/\/www.facebook.com\/FondoGpeMusalem\" target=\"_blank\">\n\t\t\t\t\t\t<span class=\"ova-framework-screen-only\">Facebook<\/span>\n\t\t\t\t\t\t<i class=\"fa fa-facebook\" style=\"\"><\/i>\n\t\t\t\t\t<\/a>\n\t\t\t\t\n\t\t\t\t\t\t\t\t\t\t<a class=\"ova-framework-icon ova-framework-social-icon ova-framework-social-icon-twitter\" style=\" color: #666666; background-color: #e5e5e5\" href=\"https:\/\/twitter.com\/FondoGpeMusalem\" target=\"_blank\">\n\t\t\t\t\t\t<span class=\"ova-framework-screen-only\">Twitter<\/span>\n\t\t\t\t\t\t<i class=\"fa fa-twitter\" style=\"\"><\/i>\n\t\t\t\t\t<\/a>\n\t\t\t\t\n\t\t\t\t\t\t\t\t\t\t<a class=\"ova-framework-icon ova-framework-social-icon ova-framework-social-icon-instagram\" style=\" color: #666666; background-color: #e5e5e5\" href=\"https:\/\/www.instagram.com\/fondoguadalupemusalem\/\" target=\"_blank\">\n\t\t\t\t\t\t<span class=\"ova-framework-screen-only\">Instagram<\/span>\n\t\t\t\t\t\t<i class=\"fa fa-instagram\" style=\"\"><\/i>\n\t\t\t\t\t<\/a>\n\t\t\t\t\n\t\t\t\t\t\t\t\t\t\t<a class=\"ova-framework-icon ova-framework-social-icon ova-framework-social-icon-youtube\" style=\" color: #666666; background-color: #E5E5E5\" href=\"https:\/\/www.youtube.com\/@FondoGuadalupeMusalem\" target=\"_blank\">\n\t\t\t\t\t\t<span class=\"ova-framework-screen-only\">Youtube<\/span>\n\t\t\t\t\t\t<i class=\"fa fa-youtube\" style=\"\"><\/i>\n\t\t\t\t\t<\/a>\n\t\t\t\t\t\t\t<\/div>\n\t\t<\/div>\n\t\t\t\t\t\t<\/div>\n\t\t\t\t<\/div>\n\t\t\t\t\t<\/div>\n\t\t<\/div>\n\t\t\t\t<div class=\"elementor-column elementor-col-50 elementor-inner-column elementor-element elementor-element-c44edc5\" data-id=\"c44edc5\" data-element_type=\"column\" data-e-type=\"column\">\n\t\t\t<div class=\"elementor-widget-wrap elementor-element-populated\">\n\t\t\t\t\t\t<div class=\"elementor-element elementor-element-475fcf8 elementor-widget elementor-widget-shortcode\" data-id=\"475fcf8\" data-element_type=\"widget\" data-e-type=\"widget\" data-widget_type=\"shortcode.default\">\n\t\t\t\t<div class=\"elementor-widget-container\">\n\t\t\t\t\t\t\t<div class=\"elementor-shortcode\">\n<div class=\"wpcf7 no-js\" id=\"wpcf7-f1960-o1\" lang=\"en-US\" dir=\"ltr\" data-wpcf7-id=\"1960\">\n<div class=\"screen-reader-response\"><p role=\"status\" aria-live=\"polite\" aria-atomic=\"true\"><\/p> <ul><\/ul><\/div>\n<form action=\"\/index.php\/wp-json\/wp\/v2\/pages\/1957#wpcf7-f1960-o1\" method=\"post\" class=\"wpcf7-form init\" aria-label=\"Contact form\" novalidate=\"novalidate\" data-status=\"init\">\n<fieldset class=\"hidden-fields-container\"><input type=\"hidden\" name=\"_wpcf7\" value=\"1960\" \/><input type=\"hidden\" name=\"_wpcf7_version\" value=\"6.1.5\" \/><input type=\"hidden\" name=\"_wpcf7_locale\" value=\"en_US\" \/><input type=\"hidden\" name=\"_wpcf7_unit_tag\" value=\"wpcf7-f1960-o1\" \/><input type=\"hidden\" name=\"_wpcf7_container_post\" value=\"0\" \/><input type=\"hidden\" name=\"_wpcf7_posted_data_hash\" value=\"\" \/>\n<\/fieldset>\n<div class=\"contact-1\">\n\t<div class=\"con\">\n\t\t<div class=\"input name\">\n\t\t\t<p><span class=\"wpcf7-form-control-wrap\" data-name=\"your-name\"><input size=\"40\" maxlength=\"400\" class=\"wpcf7-form-control wpcf7-text wpcf7-validates-as-required\" aria-required=\"true\" aria-invalid=\"false\" placeholder=\"Tu nombre*\" value=\"\" type=\"text\" name=\"your-name\" \/><\/span>\n\t\t\t<\/p>\n\t\t<\/div>\n\t\t<div class=\"input email\">\n\t\t\t<p><span class=\"wpcf7-form-control-wrap\" data-name=\"your-email\"><input size=\"40\" maxlength=\"400\" class=\"wpcf7-form-control wpcf7-email wpcf7-validates-as-required wpcf7-text wpcf7-validates-as-email\" aria-required=\"true\" aria-invalid=\"false\" placeholder=\"Tu-mail@gmail.com*\" value=\"\" type=\"email\" name=\"your-email\" \/><\/span>\n\t\t\t<\/p>\n\t\t<\/div>\n\t\t<div class=\"input telephone\">\n\t\t\t<p><span class=\"wpcf7-form-control-wrap\" data-name=\"your-phone\"><input size=\"40\" maxlength=\"400\" class=\"wpcf7-form-control wpcf7-text wpcf7-validates-as-required\" aria-required=\"true\" aria-invalid=\"false\" placeholder=\"Tel\u00e9fono*\" value=\"\" type=\"text\" name=\"your-phone\" \/><\/span>\n\t\t\t<\/p>\n\t\t<\/div>\n\t\t<div class=\"input website\">\n\t\t\t<p><span class=\"wpcf7-form-control-wrap\" data-name=\"your-subject\"><input size=\"40\" maxlength=\"400\" class=\"wpcf7-form-control wpcf7-text wpcf7-validates-as-required\" aria-required=\"true\" aria-invalid=\"false\" placeholder=\"Asunto\" value=\"\" type=\"text\" name=\"your-subject\" \/><\/span>\n\t\t\t<\/p>\n\t\t<\/div>\n\t<\/div>\n\t<div class=\"con\">\n\t\t<div class=\"message\">\n\t\t\t<p><span class=\"wpcf7-form-control-wrap\" data-name=\"your-message\"><textarea cols=\"40\" rows=\"10\" maxlength=\"2000\" class=\"wpcf7-form-control wpcf7-textarea wpcf7-validates-as-required\" aria-required=\"true\" aria-invalid=\"false\" placeholder=\"Comentario*\" name=\"your-message\"><\/textarea><\/span>\n\t\t\t<\/p>\n\t\t<\/div>\n\t<\/div>\n\t<p><input class=\"wpcf7-form-control wpcf7-submit has-spinner\" type=\"submit\" value=\"Enviar\" \/>\n\t<\/p>\n<\/div><div class=\"wpcf7-response-output\" aria-hidden=\"true\"><\/div>\n<\/form>\n<\/div>\n<\/div>\n\t\t\t\t\t\t<\/div>\n\t\t\t\t<\/div>\n\t\t\t\t\t<\/div>\n\t\t<\/div>\n\t\t\t\t\t<\/div>\n\t\t<\/section>\n\t\t\t\t\t<\/div>\n\t\t<\/div>\n\t\t\t\t\t<\/div>\n\t\t<\/section>\n\t\t\t\t<section class=\"elementor-section elementor-top-section elementor-element elementor-element-fb59046 elementor-section-full_width elementor-section-height-default elementor-section-height-default\" data-id=\"fb59046\" data-element_type=\"section\" data-e-type=\"section\">\n\t\t\t\t\t\t<div class=\"elementor-container elementor-column-gap-default\">\n\t\t\t\t\t<div class=\"elementor-column elementor-col-100 elementor-top-column elementor-element elementor-element-6addc2e\" data-id=\"6addc2e\" data-element_type=\"column\" data-e-type=\"column\">\n\t\t\t<div class=\"elementor-widget-wrap elementor-element-populated\">\n\t\t\t\t\t\t<div class=\"elementor-element elementor-element-5f18379 elementor-widget elementor-widget-google_maps\" data-id=\"5f18379\" data-element_type=\"widget\" data-e-type=\"widget\" data-widget_type=\"google_maps.default\">\n\t\t\t\t<div class=\"elementor-widget-container\">\n\t\t\t\t\t\t\t<div class=\"elementor-custom-embed\">\n\t\t\t<iframe loading=\"lazy\"\n\t\t\t\t\tsrc=\"https:\/\/maps.google.com\/maps?q=Segunda%20Priv.%20de%20Orqu%C3%ADdeas%20103%2C%20Colonia%20las%20Flores%2C%2071245%20Santa%20Luc%C3%ADa%20del%20Camino%2C%20Oax.&#038;t=m&#038;z=16&#038;output=embed&#038;iwloc=near\"\n\t\t\t\t\ttitle=\"Segunda Priv. de Orqu\u00eddeas 103, Colonia las Flores, 71245 Santa Luc\u00eda del Camino, Oax.\"\n\t\t\t\t\taria-label=\"Segunda Priv. de Orqu\u00eddeas 103, Colonia las Flores, 71245 Santa Luc\u00eda del Camino, Oax.\"\n\t\t\t><\/iframe>\n\t\t<\/div>\n\t\t\t\t\t\t<\/div>\n\t\t\t\t<\/div>\n\t\t\t\t\t<\/div>\n\t\t<\/div>\n\t\t\t\t\t<\/div>\n\t\t<\/section>\n\t\t\t\t<\/div>\n\t\t","protected":false},"excerpt":{"rendered":"<p>Ponte en contacto S\u00e9 parte de este gran proyecto. Address Location 2da priv. de Orqu\u00eddeas 103, Las Flores, Sta. Ma. Ixcotel, Sta. Luc\u00eda del Camino, Oax. Address Location coordinacion@fondoguadalupemusalem.org Address Location +52 951 51 4 69 27 Facebook Twitter Instagram Youtube<\/p>\n","protected":false},"author":1,"featured_media":0,"parent":0,"menu_order":0,"comment_status":"closed","ping_status":"closed","template":"elementor_header_footer","meta":{"give_campaign_id":0,"footnotes":""},"class_list":["post-1957","page","type-page","status-publish","hentry"],"campaignId":"","_links":{"self":[{"href":"https:\/\/fondoguadalupemusalem.org\/index.php\/wp-json\/wp\/v2\/pages\/1957","targetHints":{"allow":["GET"]}}],"collection":[{"href":"https:\/\/fondoguadalupemusalem.org\/index.php\/wp-json\/wp\/v2\/pages"}],"about":[{"href":"https:\/\/fondoguadalupemusalem.org\/index.php\/wp-json\/wp\/v2\/types\/page"}],"author":[{"embeddable":true,"href":"https:\/\/fondoguadalupemusalem.org\/index.php\/wp-json\/wp\/v2\/users\/1"}],"replies":[{"embeddable":true,"href":"https:\/\/fondoguadalupemusalem.org\/index.php\/wp-json\/wp\/v2\/comments?post=1957"}],"version-history":[{"count":65,"href":"https:\/\/fondoguadalupemusalem.org\/index.php\/wp-json\/wp\/v2\/pages\/1957\/revisions"}],"predecessor-version":[{"id":5114,"href":"https:\/\/fondoguadalupemusalem.org\/index.php\/wp-json\/wp\/v2\/pages\/1957\/revisions\/5114"}],"wp:attachment":[{"href":"https:\/\/fondoguadalupemusalem.org\/index.php\/wp-json\/wp\/v2\/media?parent=1957"}],"curies":[{"name":"wp","href":"https:\/\/api.w.org\/{rel}","templated":true}]}}